{"id":719,"date":"2019-08-14T11:45:43","date_gmt":"2019-08-14T09:45:43","guid":{"rendered":"https:\/\/pipesurveyinternational.com\/?page_id=719"},"modified":"2019-08-14T11:45:53","modified_gmt":"2019-08-14T09:45:53","slug":"profesion","status":"publish","type":"page","link":"https:\/\/pipesurveyinternational.com\/es\/profesion\/","title":{"rendered":"Profesi\u00f3n"},"content":{"rendered":"<p>Pipesurvey International desarrolla y crea tecnolog\u00eda y dispositivos de inspecci\u00f3n en casa y desde cero. Esta compa\u00f1\u00eda es un campo tecnol\u00f3gico para novatos, as\u00ed como cient\u00edficos, ingenieros y t\u00e9cnicos de nivel medio o superior. Pipesurvey lo desafiar\u00e1 a sacar lo mejor de usted en un entorno din\u00e1mico e internacional. Nuestra pol\u00edtica es ofrecer un m\u00e1ximo de su propia responsabilidad, creatividad y resistencia. A cambio, ofrecemos una larga carrera en una organizaci\u00f3n en crecimiento, experiencia internacional y trabajando con \u00faltima tecnolog\u00eda. Trabajar en Pipesurvey International significa que usted es un buen trabajador en equipo, socialmente responsable e interesando en tecnolog\u00eda.<\/p>\n<p>Pipesurvey ofrece continuamente la posibilidad para novatos y pr\u00e1cticas para t\u00e9cnicos, licenciatura o maestr\u00eda en diversas disciplinas tales como ingenier\u00eda mec\u00e1nica, ingenier\u00eda el\u00e9ctrica, desarrollo de software, f\u00edsica, mecatr\u00f3nica, matem\u00e1ticas o ciencias de la computaci\u00f3n. Los candidatos ser\u00e1n seleccionados por en las capacidades que demuestren.<\/p>\n<p>Si est\u00e1 interesado, no dude en enviar su aplicaci\u00f3n con su curriculum a: <a href=\"mailto:pv********@*********************al.com\" data-original-string=\"3cGtq661j3KXF5QmVeES\/g==83aWlUCTZLaY4KaaD9MgbnxScStcHsiGSjkeuvTzKGOTen9UhAdJ8fa3bp6pyZPBkie\" title=\"Este contacto ha sido codificado por Anti-Spam by CleanTalk. Haz clic para decodificar. Para finalizar la decodificaci\u00f3n, aseg\u00farate de que JavaScript est\u00e1 activado en tu navegador.\"><span \n                data-original-string='o1cGNR5r9iWSOMKIa0hQLQ==83a1O7nV6KJIBm+bOa+HSCt2JDZPhzxFptss5k6IOFpoXzdW8mEuaNkMNNDyfrdSww5'\n                class='apbct-email-encoder'\n                title='Este contacto ha sido codificado por Anti-Spam by CleanTalk. Haz clic para decodificar. Para finalizar la decodificaci\u00f3n, aseg\u00farate de que JavaScript est\u00e1 activado en tu navegador.'>in<span class=\"apbct-blur\">**<\/span>@<span class=\"apbct-blur\">*********************<\/span>al.com<\/span><\/a><\/p>\n<p><a href=\"https:\/\/www.linkedin.com\/company\/pipesurvey-international\/jobs\/\">S\u00edganos en LinkedIn<br \/>\n<\/a><\/p>\n","protected":false},"excerpt":{"rendered":"<p>Pipesurvey International desarrolla y crea tecnolog\u00eda y dispositivos de inspecci\u00f3n en casa y desde cero. Esta compa\u00f1\u00eda es un campo tecnol\u00f3gico para novatos, as\u00ed como cient\u00edficos, ingenieros y t\u00e9cnicos de nivel medio o superior. Pipesurvey lo desafiar\u00e1 a sacar lo mejor de usted en un entorno din\u00e1mico e internacional. Nuestra pol\u00edtica es ofrecer un m\u00e1ximo [&hellip;]<\/p>\n","protected":false},"author":1,"featured_media":660,"parent":0,"menu_order":0,"comment_status":"closed","ping_status":"closed","template":"","meta":{"_acf_changed":false,"footnotes":""},"class_list":["post-719","page","type-page","status-publish","has-post-thumbnail","hentry"],"acf":[],"yoast_head":"<!-- This site is optimized with the Yoast SEO plugin v26.8 - https:\/\/yoast.com\/product\/yoast-seo-wordpress\/ -->\n<title>Profesi\u00f3n - Pipesurvey International<\/title>\n<meta name=\"robots\" content=\"index, follow, max-snippet:-1, max-image-preview:large, max-video-preview:-1\" \/>\n<link rel=\"canonical\" href=\"https:\/\/pipesurveyinternational.com\/es\/profesion\/\" \/>\n<meta property=\"og:locale\" content=\"es_ES\" \/>\n<meta property=\"og:type\" content=\"article\" \/>\n<meta property=\"og:title\" content=\"Profesi\u00f3n - Pipesurvey International\" \/>\n<meta property=\"og:description\" content=\"Pipesurvey International desarrolla y crea tecnolog\u00eda y dispositivos de inspecci\u00f3n en casa y desde cero. Esta compa\u00f1\u00eda es un campo tecnol\u00f3gico para novatos, as\u00ed como cient\u00edficos, ingenieros y t\u00e9cnicos de nivel medio o superior. Pipesurvey lo desafiar\u00e1 a sacar lo mejor de usted en un entorno din\u00e1mico e internacional. Nuestra pol\u00edtica es ofrecer un m\u00e1ximo [&hellip;]\" \/>\n<meta property=\"og:url\" content=\"https:\/\/pipesurveyinternational.com\/es\/profesion\/\" \/>\n<meta property=\"og:site_name\" content=\"Pipesurvey International\" \/>\n<meta property=\"article:modified_time\" content=\"2019-08-14T09:45:53+00:00\" \/>\n<meta property=\"og:image\" content=\"https:\/\/pipesurveyinternational.com\/wp-content\/uploads\/2019\/01\/Schermafbeelding-2019-01-08-om-18.02.09.png\" \/>\n\t<meta property=\"og:image:width\" content=\"3006\" \/>\n\t<meta property=\"og:image:height\" content=\"1016\" \/>\n\t<meta property=\"og:image:type\" content=\"image\/png\" \/>\n<meta name=\"twitter:card\" content=\"summary_large_image\" \/>\n<meta name=\"twitter:label1\" content=\"Tiempo de lectura\" \/>\n\t<meta name=\"twitter:data1\" content=\"1 minuto\" \/>\n<script type=\"application\/ld+json\" class=\"yoast-schema-graph\">{\"@context\":\"https:\/\/schema.org\",\"@graph\":[{\"@type\":\"WebPage\",\"@id\":\"https:\/\/pipesurveyinternational.com\/es\/profesion\/\",\"url\":\"https:\/\/pipesurveyinternational.com\/es\/profesion\/\",\"name\":\"Profesi\u00f3n - Pipesurvey International\",\"isPartOf\":{\"@id\":\"https:\/\/pipesurveyinternational.com\/en\/#website\"},\"primaryImageOfPage\":{\"@id\":\"https:\/\/pipesurveyinternational.com\/es\/profesion\/#primaryimage\"},\"image\":{\"@id\":\"https:\/\/pipesurveyinternational.com\/es\/profesion\/#primaryimage\"},\"thumbnailUrl\":\"https:\/\/pipesurveyinternational.com\/wp-content\/uploads\/2019\/01\/Schermafbeelding-2019-01-08-om-18.02.09.png\",\"datePublished\":\"2019-08-14T09:45:43+00:00\",\"dateModified\":\"2019-08-14T09:45:53+00:00\",\"breadcrumb\":{\"@id\":\"https:\/\/pipesurveyinternational.com\/es\/profesion\/#breadcrumb\"},\"inLanguage\":\"es\",\"potentialAction\":[{\"@type\":\"ReadAction\",\"target\":[\"https:\/\/pipesurveyinternational.com\/es\/profesion\/\"]}]},{\"@type\":\"ImageObject\",\"inLanguage\":\"es\",\"@id\":\"https:\/\/pipesurveyinternational.com\/es\/profesion\/#primaryimage\",\"url\":\"https:\/\/pipesurveyinternational.com\/wp-content\/uploads\/2019\/01\/Schermafbeelding-2019-01-08-om-18.02.09.png\",\"contentUrl\":\"https:\/\/pipesurveyinternational.com\/wp-content\/uploads\/2019\/01\/Schermafbeelding-2019-01-08-om-18.02.09.png\",\"width\":3006,\"height\":1016},{\"@type\":\"BreadcrumbList\",\"@id\":\"https:\/\/pipesurveyinternational.com\/es\/profesion\/#breadcrumb\",\"itemListElement\":[{\"@type\":\"ListItem\",\"position\":1,\"name\":\"Home\",\"item\":\"https:\/\/pipesurveyinternational.com\/es\/\"},{\"@type\":\"ListItem\",\"position\":2,\"name\":\"Profesi\u00f3n\"}]},{\"@type\":\"WebSite\",\"@id\":\"https:\/\/pipesurveyinternational.com\/en\/#website\",\"url\":\"https:\/\/pipesurveyinternational.com\/en\/\",\"name\":\"Pipesurvey International\",\"description\":\"En nog een WordPress site\",\"potentialAction\":[{\"@type\":\"SearchAction\",\"target\":{\"@type\":\"EntryPoint\",\"urlTemplate\":\"https:\/\/pipesurveyinternational.com\/en\/?s={search_term_string}\"},\"query-input\":{\"@type\":\"PropertyValueSpecification\",\"valueRequired\":true,\"valueName\":\"search_term_string\"}}],\"inLanguage\":\"es\"}]}<\/script>\n<!-- \/ Yoast SEO plugin. -->","yoast_head_json":{"title":"Profesi\u00f3n - Pipesurvey International","robots":{"index":"index","follow":"follow","max-snippet":"max-snippet:-1","max-image-preview":"max-image-preview:large","max-video-preview":"max-video-preview:-1"},"canonical":"https:\/\/pipesurveyinternational.com\/es\/profesion\/","og_locale":"es_ES","og_type":"article","og_title":"Profesi\u00f3n - Pipesurvey International","og_description":"Pipesurvey International desarrolla y crea tecnolog\u00eda y dispositivos de inspecci\u00f3n en casa y desde cero. Esta compa\u00f1\u00eda es un campo tecnol\u00f3gico para novatos, as\u00ed como cient\u00edficos, ingenieros y t\u00e9cnicos de nivel medio o superior. Pipesurvey lo desafiar\u00e1 a sacar lo mejor de usted en un entorno din\u00e1mico e internacional. Nuestra pol\u00edtica es ofrecer un m\u00e1ximo [&hellip;]","og_url":"https:\/\/pipesurveyinternational.com\/es\/profesion\/","og_site_name":"Pipesurvey International","article_modified_time":"2019-08-14T09:45:53+00:00","og_image":[{"width":3006,"height":1016,"url":"https:\/\/pipesurveyinternational.com\/wp-content\/uploads\/2019\/01\/Schermafbeelding-2019-01-08-om-18.02.09.png","type":"image\/png"}],"twitter_card":"summary_large_image","twitter_misc":{"Tiempo de lectura":"1 minuto"},"schema":{"@context":"https:\/\/schema.org","@graph":[{"@type":"WebPage","@id":"https:\/\/pipesurveyinternational.com\/es\/profesion\/","url":"https:\/\/pipesurveyinternational.com\/es\/profesion\/","name":"Profesi\u00f3n - Pipesurvey International","isPartOf":{"@id":"https:\/\/pipesurveyinternational.com\/en\/#website"},"primaryImageOfPage":{"@id":"https:\/\/pipesurveyinternational.com\/es\/profesion\/#primaryimage"},"image":{"@id":"https:\/\/pipesurveyinternational.com\/es\/profesion\/#primaryimage"},"thumbnailUrl":"https:\/\/pipesurveyinternational.com\/wp-content\/uploads\/2019\/01\/Schermafbeelding-2019-01-08-om-18.02.09.png","datePublished":"2019-08-14T09:45:43+00:00","dateModified":"2019-08-14T09:45:53+00:00","breadcrumb":{"@id":"https:\/\/pipesurveyinternational.com\/es\/profesion\/#breadcrumb"},"inLanguage":"es","potentialAction":[{"@type":"ReadAction","target":["https:\/\/pipesurveyinternational.com\/es\/profesion\/"]}]},{"@type":"ImageObject","inLanguage":"es","@id":"https:\/\/pipesurveyinternational.com\/es\/profesion\/#primaryimage","url":"https:\/\/pipesurveyinternational.com\/wp-content\/uploads\/2019\/01\/Schermafbeelding-2019-01-08-om-18.02.09.png","contentUrl":"https:\/\/pipesurveyinternational.com\/wp-content\/uploads\/2019\/01\/Schermafbeelding-2019-01-08-om-18.02.09.png","width":3006,"height":1016},{"@type":"BreadcrumbList","@id":"https:\/\/pipesurveyinternational.com\/es\/profesion\/#breadcrumb","itemListElement":[{"@type":"ListItem","position":1,"name":"Home","item":"https:\/\/pipesurveyinternational.com\/es\/"},{"@type":"ListItem","position":2,"name":"Profesi\u00f3n"}]},{"@type":"WebSite","@id":"https:\/\/pipesurveyinternational.com\/en\/#website","url":"https:\/\/pipesurveyinternational.com\/en\/","name":"Pipesurvey International","description":"En nog een WordPress site","potentialAction":[{"@type":"SearchAction","target":{"@type":"EntryPoint","urlTemplate":"https:\/\/pipesurveyinternational.com\/en\/?s={search_term_string}"},"query-input":{"@type":"PropertyValueSpecification","valueRequired":true,"valueName":"search_term_string"}}],"inLanguage":"es"}]}},"_links":{"self":[{"href":"https:\/\/pipesurveyinternational.com\/es\/wp-json\/wp\/v2\/pages\/719","targetHints":{"allow":["GET"]}}],"collection":[{"href":"https:\/\/pipesurveyinternational.com\/es\/wp-json\/wp\/v2\/pages"}],"about":[{"href":"https:\/\/pipesurveyinternational.com\/es\/wp-json\/wp\/v2\/types\/page"}],"author":[{"embeddable":true,"href":"https:\/\/pipesurveyinternational.com\/es\/wp-json\/wp\/v2\/users\/1"}],"replies":[{"embeddable":true,"href":"https:\/\/pipesurveyinternational.com\/es\/wp-json\/wp\/v2\/comments?post=719"}],"version-history":[{"count":1,"href":"https:\/\/pipesurveyinternational.com\/es\/wp-json\/wp\/v2\/pages\/719\/revisions"}],"predecessor-version":[{"id":720,"href":"https:\/\/pipesurveyinternational.com\/es\/wp-json\/wp\/v2\/pages\/719\/revisions\/720"}],"wp:featuredmedia":[{"embeddable":true,"href":"https:\/\/pipesurveyinternational.com\/es\/wp-json\/wp\/v2\/media\/660"}],"wp:attachment":[{"href":"https:\/\/pipesurveyinternational.com\/es\/wp-json\/wp\/v2\/media?parent=719"}],"curies":[{"name":"wp","href":"https:\/\/api.w.org\/{rel}","templated":true}]}}