{"id":717,"date":"2019-08-14T11:43:22","date_gmt":"2019-08-14T09:43:22","guid":{"rendered":"https:\/\/pipesurveyinternational.com\/?page_id=717"},"modified":"2019-08-14T14:46:36","modified_gmt":"2019-08-14T12:46:36","slug":"evaluacion-de-integridad-de-ductos","status":"publish","type":"page","link":"https:\/\/pipesurveyinternational.com\/es\/soluciones\/evaluacion-de-integridad-de-ductos\/","title":{"rendered":"Evaluaci\u00f3n de Integridad de Ductos"},"content":{"rendered":"<p>Basado en los datos de inspecci\u00f3n, los ingenieros de integridad de ductos pueden proporcionar una evaluaci\u00f3n de integridad completa del ducto. Las indicaciones individuales de corrosi\u00f3n son evaluadas en su severidad y riesgo potencial. El crecimiento de corrosi\u00f3n puede ser evaluado basado en la comparaci\u00f3n con datos de inspecciones previas. Los datos de inspecci\u00f3n pueden sen integrados en un an\u00e1lisis Fitness For Purpose (FFP), el cual prioriza las actividades de mantenimiento y reparaci\u00f3n. Factores externos como el ambiente, interferencia humana, suelo y poblaci\u00f3n son combinados con los resultados del reporte de Fitness for Purpose para generar un Risk Based Assessment (RBA).<\/p>\n<p>Como parte del servicio, todos los reportes de inspecci\u00f3n vienen con datos en bruto procesados y con la \u00faltima versi\u00f3n de DATsurvey\u00ae. Con esta extremadamente potente y f\u00e1cil de usar interfaz el cliente puede revisar los datos de inspecciones. Se puede navegar por el ducto en escalas variables, creando vistas personalizadas, imprimir hojas de excavaci\u00f3n y analizar los perfiles de la corrida y estad\u00edsticas de las anomal\u00edas. DATsurvey\u00ae tiene la capacidad de sincronizar resultados de varias corridas de inspecci\u00f3n. Esto contribuye significadamente al nivel de confianza de la evaluaci\u00f3n de integridad.<\/p>\n<p>La evaluaci\u00f3n de defectos del ducto puede ser entregado de acuerdo con ASME B31G, DNV RP-F101, R-\u2028Streng o cualquier otro m\u00e9todo de evaluaci\u00f3n de defectos de acuerdo con las especificaciones del cliente, c\u00f3digos nacionales o regulaciones. Todos los servicios proporcionados por Pipesurvey International est\u00e1n en total conformidad con los \u00faltimos est\u00e1ndares del Pipeline Operator Forum, API 1163, ASNT-ILI-2010 y NACE-SP-102.<\/p>\n","protected":false},"excerpt":{"rendered":"<p>Basado en los datos de inspecci\u00f3n, los ingenieros de integridad de ductos pueden proporcionar una evaluaci\u00f3n de integridad completa del ducto. Las indicaciones individuales de corrosi\u00f3n son evaluadas en su severidad y riesgo potencial. El crecimiento de corrosi\u00f3n puede ser evaluado basado en la comparaci\u00f3n con datos de inspecciones previas. Los datos de inspecci\u00f3n pueden [&hellip;]<\/p>\n","protected":false},"author":1,"featured_media":649,"parent":715,"menu_order":0,"comment_status":"closed","ping_status":"closed","template":"","meta":{"_acf_changed":false,"footnotes":""},"class_list":["post-717","page","type-page","status-publish","has-post-thumbnail","hentry"],"acf":[],"yoast_head":"<!-- This site is optimized with the Yoast SEO plugin v26.8 - https:\/\/yoast.com\/product\/yoast-seo-wordpress\/ -->\n<title>Evaluaci\u00f3n de Integridad de Ductos - Pipesurvey International<\/title>\n<meta name=\"robots\" content=\"index, follow, max-snippet:-1, max-image-preview:large, max-video-preview:-1\" \/>\n<link rel=\"canonical\" href=\"https:\/\/pipesurveyinternational.com\/es\/soluciones\/evaluacion-de-integridad-de-ductos\/\" \/>\n<meta property=\"og:locale\" content=\"es_ES\" \/>\n<meta property=\"og:type\" content=\"article\" \/>\n<meta property=\"og:title\" content=\"Evaluaci\u00f3n de Integridad de Ductos - Pipesurvey International\" \/>\n<meta property=\"og:description\" content=\"Basado en los datos de inspecci\u00f3n, los ingenieros de integridad de ductos pueden proporcionar una evaluaci\u00f3n de integridad completa del ducto. Las indicaciones individuales de corrosi\u00f3n son evaluadas en su severidad y riesgo potencial. El crecimiento de corrosi\u00f3n puede ser evaluado basado en la comparaci\u00f3n con datos de inspecciones previas. Los datos de inspecci\u00f3n pueden [&hellip;]\" \/>\n<meta property=\"og:url\" content=\"https:\/\/pipesurveyinternational.com\/es\/soluciones\/evaluacion-de-integridad-de-ductos\/\" \/>\n<meta property=\"og:site_name\" content=\"Pipesurvey International\" \/>\n<meta property=\"article:modified_time\" content=\"2019-08-14T12:46:36+00:00\" \/>\n<meta property=\"og:image\" content=\"https:\/\/pipesurveyinternational.com\/wp-content\/uploads\/2019\/01\/Schermafbeelding-2019-01-08-om-14.07.12-1024x537.png\" \/>\n\t<meta property=\"og:image:width\" content=\"1024\" \/>\n\t<meta property=\"og:image:height\" content=\"537\" \/>\n\t<meta property=\"og:image:type\" content=\"image\/png\" \/>\n<meta name=\"twitter:card\" content=\"summary_large_image\" \/>\n<meta name=\"twitter:label1\" content=\"Tiempo de lectura\" \/>\n\t<meta name=\"twitter:data1\" content=\"1 minuto\" \/>\n<script type=\"application\/ld+json\" class=\"yoast-schema-graph\">{\"@context\":\"https:\/\/schema.org\",\"@graph\":[{\"@type\":\"WebPage\",\"@id\":\"https:\/\/pipesurveyinternational.com\/es\/soluciones\/evaluacion-de-integridad-de-ductos\/\",\"url\":\"https:\/\/pipesurveyinternational.com\/es\/soluciones\/evaluacion-de-integridad-de-ductos\/\",\"name\":\"Evaluaci\u00f3n de Integridad de Ductos - Pipesurvey International\",\"isPartOf\":{\"@id\":\"https:\/\/pipesurveyinternational.com\/en\/#website\"},\"primaryImageOfPage\":{\"@id\":\"https:\/\/pipesurveyinternational.com\/es\/soluciones\/evaluacion-de-integridad-de-ductos\/#primaryimage\"},\"image\":{\"@id\":\"https:\/\/pipesurveyinternational.com\/es\/soluciones\/evaluacion-de-integridad-de-ductos\/#primaryimage\"},\"thumbnailUrl\":\"https:\/\/pipesurveyinternational.com\/wp-content\/uploads\/2019\/01\/Schermafbeelding-2019-01-08-om-14.07.12.png\",\"datePublished\":\"2019-08-14T09:43:22+00:00\",\"dateModified\":\"2019-08-14T12:46:36+00:00\",\"breadcrumb\":{\"@id\":\"https:\/\/pipesurveyinternational.com\/es\/soluciones\/evaluacion-de-integridad-de-ductos\/#breadcrumb\"},\"inLanguage\":\"es\",\"potentialAction\":[{\"@type\":\"ReadAction\",\"target\":[\"https:\/\/pipesurveyinternational.com\/es\/soluciones\/evaluacion-de-integridad-de-ductos\/\"]}]},{\"@type\":\"ImageObject\",\"inLanguage\":\"es\",\"@id\":\"https:\/\/pipesurveyinternational.com\/es\/soluciones\/evaluacion-de-integridad-de-ductos\/#primaryimage\",\"url\":\"https:\/\/pipesurveyinternational.com\/wp-content\/uploads\/2019\/01\/Schermafbeelding-2019-01-08-om-14.07.12.png\",\"contentUrl\":\"https:\/\/pipesurveyinternational.com\/wp-content\/uploads\/2019\/01\/Schermafbeelding-2019-01-08-om-14.07.12.png\",\"width\":3080,\"height\":1614},{\"@type\":\"BreadcrumbList\",\"@id\":\"https:\/\/pipesurveyinternational.com\/es\/soluciones\/evaluacion-de-integridad-de-ductos\/#breadcrumb\",\"itemListElement\":[{\"@type\":\"ListItem\",\"position\":1,\"name\":\"Home\",\"item\":\"https:\/\/pipesurveyinternational.com\/es\/\"},{\"@type\":\"ListItem\",\"position\":2,\"name\":\"Soluciones\",\"item\":\"https:\/\/pipesurveyinternational.com\/es\/soluciones\/\"},{\"@type\":\"ListItem\",\"position\":3,\"name\":\"Evaluaci\u00f3n de Integridad de Ductos\"}]},{\"@type\":\"WebSite\",\"@id\":\"https:\/\/pipesurveyinternational.com\/en\/#website\",\"url\":\"https:\/\/pipesurveyinternational.com\/en\/\",\"name\":\"Pipesurvey International\",\"description\":\"En nog een WordPress site\",\"potentialAction\":[{\"@type\":\"SearchAction\",\"target\":{\"@type\":\"EntryPoint\",\"urlTemplate\":\"https:\/\/pipesurveyinternational.com\/en\/?s={search_term_string}\"},\"query-input\":{\"@type\":\"PropertyValueSpecification\",\"valueRequired\":true,\"valueName\":\"search_term_string\"}}],\"inLanguage\":\"es\"}]}<\/script>\n<!-- \/ Yoast SEO plugin. -->","yoast_head_json":{"title":"Evaluaci\u00f3n de Integridad de Ductos - Pipesurvey International","robots":{"index":"index","follow":"follow","max-snippet":"max-snippet:-1","max-image-preview":"max-image-preview:large","max-video-preview":"max-video-preview:-1"},"canonical":"https:\/\/pipesurveyinternational.com\/es\/soluciones\/evaluacion-de-integridad-de-ductos\/","og_locale":"es_ES","og_type":"article","og_title":"Evaluaci\u00f3n de Integridad de Ductos - Pipesurvey International","og_description":"Basado en los datos de inspecci\u00f3n, los ingenieros de integridad de ductos pueden proporcionar una evaluaci\u00f3n de integridad completa del ducto. Las indicaciones individuales de corrosi\u00f3n son evaluadas en su severidad y riesgo potencial. El crecimiento de corrosi\u00f3n puede ser evaluado basado en la comparaci\u00f3n con datos de inspecciones previas. Los datos de inspecci\u00f3n pueden [&hellip;]","og_url":"https:\/\/pipesurveyinternational.com\/es\/soluciones\/evaluacion-de-integridad-de-ductos\/","og_site_name":"Pipesurvey International","article_modified_time":"2019-08-14T12:46:36+00:00","og_image":[{"width":1024,"height":537,"url":"https:\/\/pipesurveyinternational.com\/wp-content\/uploads\/2019\/01\/Schermafbeelding-2019-01-08-om-14.07.12-1024x537.png","type":"image\/png"}],"twitter_card":"summary_large_image","twitter_misc":{"Tiempo de lectura":"1 minuto"},"schema":{"@context":"https:\/\/schema.org","@graph":[{"@type":"WebPage","@id":"https:\/\/pipesurveyinternational.com\/es\/soluciones\/evaluacion-de-integridad-de-ductos\/","url":"https:\/\/pipesurveyinternational.com\/es\/soluciones\/evaluacion-de-integridad-de-ductos\/","name":"Evaluaci\u00f3n de Integridad de Ductos - Pipesurvey International","isPartOf":{"@id":"https:\/\/pipesurveyinternational.com\/en\/#website"},"primaryImageOfPage":{"@id":"https:\/\/pipesurveyinternational.com\/es\/soluciones\/evaluacion-de-integridad-de-ductos\/#primaryimage"},"image":{"@id":"https:\/\/pipesurveyinternational.com\/es\/soluciones\/evaluacion-de-integridad-de-ductos\/#primaryimage"},"thumbnailUrl":"https:\/\/pipesurveyinternational.com\/wp-content\/uploads\/2019\/01\/Schermafbeelding-2019-01-08-om-14.07.12.png","datePublished":"2019-08-14T09:43:22+00:00","dateModified":"2019-08-14T12:46:36+00:00","breadcrumb":{"@id":"https:\/\/pipesurveyinternational.com\/es\/soluciones\/evaluacion-de-integridad-de-ductos\/#breadcrumb"},"inLanguage":"es","potentialAction":[{"@type":"ReadAction","target":["https:\/\/pipesurveyinternational.com\/es\/soluciones\/evaluacion-de-integridad-de-ductos\/"]}]},{"@type":"ImageObject","inLanguage":"es","@id":"https:\/\/pipesurveyinternational.com\/es\/soluciones\/evaluacion-de-integridad-de-ductos\/#primaryimage","url":"https:\/\/pipesurveyinternational.com\/wp-content\/uploads\/2019\/01\/Schermafbeelding-2019-01-08-om-14.07.12.png","contentUrl":"https:\/\/pipesurveyinternational.com\/wp-content\/uploads\/2019\/01\/Schermafbeelding-2019-01-08-om-14.07.12.png","width":3080,"height":1614},{"@type":"BreadcrumbList","@id":"https:\/\/pipesurveyinternational.com\/es\/soluciones\/evaluacion-de-integridad-de-ductos\/#breadcrumb","itemListElement":[{"@type":"ListItem","position":1,"name":"Home","item":"https:\/\/pipesurveyinternational.com\/es\/"},{"@type":"ListItem","position":2,"name":"Soluciones","item":"https:\/\/pipesurveyinternational.com\/es\/soluciones\/"},{"@type":"ListItem","position":3,"name":"Evaluaci\u00f3n de Integridad de Ductos"}]},{"@type":"WebSite","@id":"https:\/\/pipesurveyinternational.com\/en\/#website","url":"https:\/\/pipesurveyinternational.com\/en\/","name":"Pipesurvey International","description":"En nog een WordPress site","potentialAction":[{"@type":"SearchAction","target":{"@type":"EntryPoint","urlTemplate":"https:\/\/pipesurveyinternational.com\/en\/?s={search_term_string}"},"query-input":{"@type":"PropertyValueSpecification","valueRequired":true,"valueName":"search_term_string"}}],"inLanguage":"es"}]}},"_links":{"self":[{"href":"https:\/\/pipesurveyinternational.com\/es\/wp-json\/wp\/v2\/pages\/717","targetHints":{"allow":["GET"]}}],"collection":[{"href":"https:\/\/pipesurveyinternational.com\/es\/wp-json\/wp\/v2\/pages"}],"about":[{"href":"https:\/\/pipesurveyinternational.com\/es\/wp-json\/wp\/v2\/types\/page"}],"author":[{"embeddable":true,"href":"https:\/\/pipesurveyinternational.com\/es\/wp-json\/wp\/v2\/users\/1"}],"replies":[{"embeddable":true,"href":"https:\/\/pipesurveyinternational.com\/es\/wp-json\/wp\/v2\/comments?post=717"}],"version-history":[{"count":2,"href":"https:\/\/pipesurveyinternational.com\/es\/wp-json\/wp\/v2\/pages\/717\/revisions"}],"predecessor-version":[{"id":815,"href":"https:\/\/pipesurveyinternational.com\/es\/wp-json\/wp\/v2\/pages\/717\/revisions\/815"}],"up":[{"embeddable":true,"href":"https:\/\/pipesurveyinternational.com\/es\/wp-json\/wp\/v2\/pages\/715"}],"wp:featuredmedia":[{"embeddable":true,"href":"https:\/\/pipesurveyinternational.com\/es\/wp-json\/wp\/v2\/media\/649"}],"wp:attachment":[{"href":"https:\/\/pipesurveyinternational.com\/es\/wp-json\/wp\/v2\/media?parent=717"}],"curies":[{"name":"wp","href":"https:\/\/api.w.org\/{rel}","templated":true}]}}