{"id":715,"date":"2019-08-14T11:41:59","date_gmt":"2019-08-14T09:41:59","guid":{"rendered":"https:\/\/pipesurveyinternational.com\/?page_id=715"},"modified":"2019-08-14T11:41:59","modified_gmt":"2019-08-14T09:41:59","slug":"soluciones","status":"publish","type":"page","link":"https:\/\/pipesurveyinternational.com\/es\/soluciones\/","title":{"rendered":"Soluciones"},"content":{"rendered":"<p>Integridad de ductos es un campo din\u00e1mico con un incremento continuo de demandas, desaf\u00edos y oportunidades. Autoridades locales y nacionales hacen \u00e9nfasis en el control de la infraestructura de petr\u00f3leo y gas. Desde el inicio, Pipesurvey International ha buscado dise\u00f1os e ingenier\u00eda innovadores para superar obst\u00e1culos de los ductos que son dif\u00edciles de inspeccionar. Adem\u00e1s, nuestra compa\u00f1\u00eda es l\u00edder en el abastecimiento y aplicaci\u00f3n de las \u00faltimas tecnolog\u00edas est\u00e1ndar, algoritmos de aprendizaje autom\u00e1ticos y elecci\u00f3n de materiales. Nosotros hacemos disponible a la industria herramientas confiables y precisas. Nuestros t\u00e9cnicos e ingenieros han acumulado a\u00f1os de experiencia y comprenden los desaf\u00edos tanto en la oficina como en campo. Nuestros clientes valoran altamente el toque personal en la cooperaci\u00f3n y las l\u00edneas de comunicaci\u00f3n cortas uno a uno con el personal clave en nuestros departamentos operacionales y de integridad de ductos. Siendo una empresa relativamente joven y de mediano tama\u00f1o, Pipesurvey ofrece una respuesta r\u00e1pida a su desaf\u00edo y es el socio elegido para desarrollo de soluciones.<\/p>\n<p>Soluciones disponibles de Pipesurvey International:<\/p>\n<ul>\n<li>Control de velocidad activo<\/li>\n<li>Inspecci\u00f3n multi-di\u00e1metros<\/li>\n<li>Inspecci\u00f3n bidireccional<\/li>\n<li>Soluciones fujo bajo<\/li>\n<li>Mapeo espacial y an\u00e1lisis de tensi\u00f3n<\/li>\n<li>Ductos con di\u00e1metros peque\u00f1os<\/li>\n<li>Herramientas con baja fricci\u00f3n<\/li>\n<li>Dise\u00f1o sin cepillos para umbilicales trasversales<\/li>\n<li>Curvas con radios cortos<\/li>\n<li>Hot taps ilegales<\/li>\n<\/ul>\n","protected":false},"excerpt":{"rendered":"<p>Integridad de ductos es un campo din\u00e1mico con un incremento continuo de demandas, desaf\u00edos y oportunidades. Autoridades locales y nacionales hacen \u00e9nfasis en el control de la infraestructura de petr\u00f3leo y gas. Desde el inicio, Pipesurvey International ha buscado dise\u00f1os e ingenier\u00eda innovadores para superar obst\u00e1culos de los ductos que son dif\u00edciles de inspeccionar. Adem\u00e1s, [&hellip;]<\/p>\n","protected":false},"author":1,"featured_media":0,"parent":0,"menu_order":0,"comment_status":"closed","ping_status":"closed","template":"","meta":{"_acf_changed":false,"footnotes":""},"class_list":["post-715","page","type-page","status-publish","hentry"],"acf":[],"yoast_head":"<!-- This site is optimized with the Yoast SEO plugin v26.8 - https:\/\/yoast.com\/product\/yoast-seo-wordpress\/ -->\n<title>Soluciones - Pipesurvey International<\/title>\n<meta name=\"robots\" content=\"index, follow, max-snippet:-1, max-image-preview:large, max-video-preview:-1\" \/>\n<link rel=\"canonical\" href=\"https:\/\/pipesurveyinternational.com\/es\/soluciones\/\" \/>\n<meta property=\"og:locale\" content=\"es_ES\" \/>\n<meta property=\"og:type\" content=\"article\" \/>\n<meta property=\"og:title\" content=\"Soluciones - Pipesurvey International\" \/>\n<meta property=\"og:description\" content=\"Integridad de ductos es un campo din\u00e1mico con un incremento continuo de demandas, desaf\u00edos y oportunidades. Autoridades locales y nacionales hacen \u00e9nfasis en el control de la infraestructura de petr\u00f3leo y gas. Desde el inicio, Pipesurvey International ha buscado dise\u00f1os e ingenier\u00eda innovadores para superar obst\u00e1culos de los ductos que son dif\u00edciles de inspeccionar. Adem\u00e1s, [&hellip;]\" \/>\n<meta property=\"og:url\" content=\"https:\/\/pipesurveyinternational.com\/es\/soluciones\/\" \/>\n<meta property=\"og:site_name\" content=\"Pipesurvey International\" \/>\n<meta name=\"twitter:card\" content=\"summary_large_image\" \/>\n<meta name=\"twitter:label1\" content=\"Tiempo de lectura\" \/>\n\t<meta name=\"twitter:data1\" content=\"1 minuto\" \/>\n<script type=\"application\/ld+json\" class=\"yoast-schema-graph\">{\"@context\":\"https:\/\/schema.org\",\"@graph\":[{\"@type\":\"WebPage\",\"@id\":\"https:\/\/pipesurveyinternational.com\/es\/soluciones\/\",\"url\":\"https:\/\/pipesurveyinternational.com\/es\/soluciones\/\",\"name\":\"Soluciones - Pipesurvey International\",\"isPartOf\":{\"@id\":\"https:\/\/pipesurveyinternational.com\/en\/#website\"},\"datePublished\":\"2019-08-14T09:41:59+00:00\",\"breadcrumb\":{\"@id\":\"https:\/\/pipesurveyinternational.com\/es\/soluciones\/#breadcrumb\"},\"inLanguage\":\"es\",\"potentialAction\":[{\"@type\":\"ReadAction\",\"target\":[\"https:\/\/pipesurveyinternational.com\/es\/soluciones\/\"]}]},{\"@type\":\"BreadcrumbList\",\"@id\":\"https:\/\/pipesurveyinternational.com\/es\/soluciones\/#breadcrumb\",\"itemListElement\":[{\"@type\":\"ListItem\",\"position\":1,\"name\":\"Home\",\"item\":\"https:\/\/pipesurveyinternational.com\/es\/\"},{\"@type\":\"ListItem\",\"position\":2,\"name\":\"Soluciones\"}]},{\"@type\":\"WebSite\",\"@id\":\"https:\/\/pipesurveyinternational.com\/en\/#website\",\"url\":\"https:\/\/pipesurveyinternational.com\/en\/\",\"name\":\"Pipesurvey International\",\"description\":\"En nog een WordPress site\",\"potentialAction\":[{\"@type\":\"SearchAction\",\"target\":{\"@type\":\"EntryPoint\",\"urlTemplate\":\"https:\/\/pipesurveyinternational.com\/en\/?s={search_term_string}\"},\"query-input\":{\"@type\":\"PropertyValueSpecification\",\"valueRequired\":true,\"valueName\":\"search_term_string\"}}],\"inLanguage\":\"es\"}]}<\/script>\n<!-- \/ Yoast SEO plugin. -->","yoast_head_json":{"title":"Soluciones - Pipesurvey International","robots":{"index":"index","follow":"follow","max-snippet":"max-snippet:-1","max-image-preview":"max-image-preview:large","max-video-preview":"max-video-preview:-1"},"canonical":"https:\/\/pipesurveyinternational.com\/es\/soluciones\/","og_locale":"es_ES","og_type":"article","og_title":"Soluciones - Pipesurvey International","og_description":"Integridad de ductos es un campo din\u00e1mico con un incremento continuo de demandas, desaf\u00edos y oportunidades. Autoridades locales y nacionales hacen \u00e9nfasis en el control de la infraestructura de petr\u00f3leo y gas. Desde el inicio, Pipesurvey International ha buscado dise\u00f1os e ingenier\u00eda innovadores para superar obst\u00e1culos de los ductos que son dif\u00edciles de inspeccionar. Adem\u00e1s, [&hellip;]","og_url":"https:\/\/pipesurveyinternational.com\/es\/soluciones\/","og_site_name":"Pipesurvey International","twitter_card":"summary_large_image","twitter_misc":{"Tiempo de lectura":"1 minuto"},"schema":{"@context":"https:\/\/schema.org","@graph":[{"@type":"WebPage","@id":"https:\/\/pipesurveyinternational.com\/es\/soluciones\/","url":"https:\/\/pipesurveyinternational.com\/es\/soluciones\/","name":"Soluciones - Pipesurvey International","isPartOf":{"@id":"https:\/\/pipesurveyinternational.com\/en\/#website"},"datePublished":"2019-08-14T09:41:59+00:00","breadcrumb":{"@id":"https:\/\/pipesurveyinternational.com\/es\/soluciones\/#breadcrumb"},"inLanguage":"es","potentialAction":[{"@type":"ReadAction","target":["https:\/\/pipesurveyinternational.com\/es\/soluciones\/"]}]},{"@type":"BreadcrumbList","@id":"https:\/\/pipesurveyinternational.com\/es\/soluciones\/#breadcrumb","itemListElement":[{"@type":"ListItem","position":1,"name":"Home","item":"https:\/\/pipesurveyinternational.com\/es\/"},{"@type":"ListItem","position":2,"name":"Soluciones"}]},{"@type":"WebSite","@id":"https:\/\/pipesurveyinternational.com\/en\/#website","url":"https:\/\/pipesurveyinternational.com\/en\/","name":"Pipesurvey International","description":"En nog een WordPress site","potentialAction":[{"@type":"SearchAction","target":{"@type":"EntryPoint","urlTemplate":"https:\/\/pipesurveyinternational.com\/en\/?s={search_term_string}"},"query-input":{"@type":"PropertyValueSpecification","valueRequired":true,"valueName":"search_term_string"}}],"inLanguage":"es"}]}},"_links":{"self":[{"href":"https:\/\/pipesurveyinternational.com\/es\/wp-json\/wp\/v2\/pages\/715","targetHints":{"allow":["GET"]}}],"collection":[{"href":"https:\/\/pipesurveyinternational.com\/es\/wp-json\/wp\/v2\/pages"}],"about":[{"href":"https:\/\/pipesurveyinternational.com\/es\/wp-json\/wp\/v2\/types\/page"}],"author":[{"embeddable":true,"href":"https:\/\/pipesurveyinternational.com\/es\/wp-json\/wp\/v2\/users\/1"}],"replies":[{"embeddable":true,"href":"https:\/\/pipesurveyinternational.com\/es\/wp-json\/wp\/v2\/comments?post=715"}],"version-history":[{"count":1,"href":"https:\/\/pipesurveyinternational.com\/es\/wp-json\/wp\/v2\/pages\/715\/revisions"}],"predecessor-version":[{"id":716,"href":"https:\/\/pipesurveyinternational.com\/es\/wp-json\/wp\/v2\/pages\/715\/revisions\/716"}],"wp:attachment":[{"href":"https:\/\/pipesurveyinternational.com\/es\/wp-json\/wp\/v2\/media?parent=715"}],"curies":[{"name":"wp","href":"https:\/\/api.w.org\/{rel}","templated":true}]}}