{"id":708,"date":"2019-08-13T17:27:17","date_gmt":"2019-08-13T15:27:17","guid":{"rendered":"https:\/\/pipesurveyinternational.com\/?page_id=708"},"modified":"2019-08-13T17:29:05","modified_gmt":"2019-08-13T15:29:05","slug":"noticias","status":"publish","type":"page","link":"https:\/\/pipesurveyinternational.com\/es\/noticias\/","title":{"rendered":"Noticias"},"content":{"rendered":"<p><strong>2019<\/strong><\/p>\n<p>Nuevo sitio web \u2013 Pipesurvey International lanz\u00f3 su nuevo sitio web. Por favor descubra todas las nuevas tecnolog\u00edas y servicios de Pipesurvey International. Si no ha encontrado lo que busca, utilice el formulario y nos pondremos en contacto con usted lo antes posible.<\/p>\n<p>PPIM2019 \u2013 Pipesurvey International los invita cordialmente as nuestro puesto no. 1044 en el evento anual Pipeline Pigging and Integrity Management en Houston, Feb 19 \u2013 21. Nosotros usamos este evento para apoyar nuestro desarrollo de actividades globales, especialmente en el mercado norteamericano.<\/p>\n<p><strong>2018<\/strong><\/p>\n<p>Inspecci\u00f3n Hot tap \u2013 Pipesurvey ha conducido exitosamente un programa de corridas extensivo para detectar y reportar hot taps ilegales par un operador de ductos importante. La tecnolog\u00eda precisa y reportaje r\u00e1pido han jugado un papel importante para combatir la p\u00e9rdida fuerte de producto.<\/p>\n<p>Herramientas grandes &amp; defectos peque\u00f1os \u2013 Pipesurvey International ha completad exitosamente una campa\u00f1a de inspecci\u00f3n en ductos de gas de 48\u201d el cual opera con velocidades mayores a 4 m\/s. el control activo de velocidad regula la velocidad de la herramienta y detecta defectos cruciales en el cuerpo del ducto y soladuras.<\/p>\n<p>Petr\u00f3leo y gas Midstream \u2013 Pipesurvey ha completado exitosamente inspecciones de m\u00faltiples ductos en North America Midstream Oil and Gas Pipelines. El sector Midstream es un sector que r\u00e1pidamente se expande con una demanda en crecimiento para inspecciones y reportajes r\u00e1pidas y precisas.<\/p>\n<p>Defectos m\u00e1s peque\u00f1os \u2013 Pipesurvey ha invertido en el procesamiento de se\u00f1ales e imagen digital para defectos peque\u00f1os puntuales. Defectos pinole son dif\u00edciles de dimensionar y pueden representar una amenaza para las fugas e integridad del ducto.<br \/>\nExpansi\u00f3n \u2013 Pipesurvey est\u00e1 tomando nuevos ingenieros, analistas y t\u00e9cnicos para poder seguir el ritmo de la creciente demanda de servicios. La flota de herramientas se est\u00e1 ampliando para administrar m\u00faltiples proyectos simult\u00e1neamente y mantenerse al d\u00eda con los cronogramas de proyectos en varias partes del mundo<\/p>\n<p><strong>2017<\/strong><\/p>\n<p>Inspecci\u00f3n m\u00faltiples di\u00e1metros 30\u201d x 34\u201d &#8211; Pipesurvey ha completado una inspecci\u00f3n exitosamente de un ducto de petr\u00f3leo multi-di\u00e1metro de 30 x 34\u201d en los Pises Bajos. La operaci\u00f3n incluye limpieza, inspecci\u00f3n ge\u00f3metra e inspecci\u00f3n de corrosi\u00f3n.<\/p>\n<p>MFL circunferencial \u2013 Pipesurvey International ha construido su nueva herramienta C-MFL (o TFI). Usando un nuevo dise\u00f1o de sensores y magnetizaci\u00f3n circunferencial se ha revelado corrosi\u00f3n orientada axialmente y defectos tipo grieta en ductos de acero.<\/p>\n<p>10000 kil\u00f3metros \u2013 Pipesurvey International ha superado los 10000 km de ductos inspeccionados. Orgullosos de notar este r\u00e9cord para una compa\u00f1\u00eda que comenz\u00f3 hace 15 a\u00f1os con dos ingenieros en dos escritorios vac\u00edos y con un taller vac\u00edo. Tecnolog\u00eda completamente desarrollada en casa y el conocimiento que ahora ha obtenido un historial probado.<\/p>\n<p><strong>2016<\/strong><\/p>\n<p>Inspecci\u00f3n multi-di\u00e1metro 23\u201d x 24\u201d \u2013 Pipesurvey ha completado exitosamente un proyecto desafiante de 173 km en un ducto multi-di\u00e1metro de gas. La primera secci\u00f3n de 32\u201dx 54 km lleva a una secci\u00f3n de cruce de r\u00edos de 2 km de 24\u201d y luego se expande a una secci\u00f3n de 120 km de 32\u201d. Pipesurvey ha atravesado e inspeccionado estas secciones.<\/p>\n<p>&nbsp;<\/p>\n","protected":false},"excerpt":{"rendered":"<p>2019 Nuevo sitio web \u2013 Pipesurvey International lanz\u00f3 su nuevo sitio web. Por favor descubra todas las nuevas tecnolog\u00edas y servicios de Pipesurvey International. Si no ha encontrado lo que busca, utilice el formulario y nos pondremos en contacto con usted lo antes posible. PPIM2019 \u2013 Pipesurvey International los invita cordialmente as nuestro puesto no. [&hellip;]<\/p>\n","protected":false},"author":1,"featured_media":0,"parent":0,"menu_order":0,"comment_status":"closed","ping_status":"closed","template":"template-news.php","meta":{"_acf_changed":false,"footnotes":""},"class_list":["post-708","page","type-page","status-publish","hentry"],"acf":[],"yoast_head":"<!-- This site is optimized with the Yoast SEO plugin v26.8 - https:\/\/yoast.com\/product\/yoast-seo-wordpress\/ -->\n<title>Noticias - Pipesurvey International<\/title>\n<meta name=\"robots\" content=\"index, follow, max-snippet:-1, max-image-preview:large, max-video-preview:-1\" \/>\n<link rel=\"canonical\" href=\"https:\/\/pipesurveyinternational.com\/es\/noticias\/\" \/>\n<meta property=\"og:locale\" content=\"es_ES\" \/>\n<meta property=\"og:type\" content=\"article\" \/>\n<meta property=\"og:title\" content=\"Noticias - Pipesurvey International\" \/>\n<meta property=\"og:description\" content=\"2019 Nuevo sitio web \u2013 Pipesurvey International lanz\u00f3 su nuevo sitio web. Por favor descubra todas las nuevas tecnolog\u00edas y servicios de Pipesurvey International. Si no ha encontrado lo que busca, utilice el formulario y nos pondremos en contacto con usted lo antes posible. PPIM2019 \u2013 Pipesurvey International los invita cordialmente as nuestro puesto no. [&hellip;]\" \/>\n<meta property=\"og:url\" content=\"https:\/\/pipesurveyinternational.com\/es\/noticias\/\" \/>\n<meta property=\"og:site_name\" content=\"Pipesurvey International\" \/>\n<meta property=\"article:modified_time\" content=\"2019-08-13T15:29:05+00:00\" \/>\n<meta name=\"twitter:card\" content=\"summary_large_image\" \/>\n<meta name=\"twitter:label1\" content=\"Tiempo de lectura\" \/>\n\t<meta name=\"twitter:data1\" content=\"3 minutos\" \/>\n<script type=\"application\/ld+json\" class=\"yoast-schema-graph\">{\"@context\":\"https:\/\/schema.org\",\"@graph\":[{\"@type\":\"WebPage\",\"@id\":\"https:\/\/pipesurveyinternational.com\/es\/noticias\/\",\"url\":\"https:\/\/pipesurveyinternational.com\/es\/noticias\/\",\"name\":\"Noticias - Pipesurvey International\",\"isPartOf\":{\"@id\":\"https:\/\/pipesurveyinternational.com\/en\/#website\"},\"datePublished\":\"2019-08-13T15:27:17+00:00\",\"dateModified\":\"2019-08-13T15:29:05+00:00\",\"breadcrumb\":{\"@id\":\"https:\/\/pipesurveyinternational.com\/es\/noticias\/#breadcrumb\"},\"inLanguage\":\"es\",\"potentialAction\":[{\"@type\":\"ReadAction\",\"target\":[\"https:\/\/pipesurveyinternational.com\/es\/noticias\/\"]}]},{\"@type\":\"BreadcrumbList\",\"@id\":\"https:\/\/pipesurveyinternational.com\/es\/noticias\/#breadcrumb\",\"itemListElement\":[{\"@type\":\"ListItem\",\"position\":1,\"name\":\"Home\",\"item\":\"https:\/\/pipesurveyinternational.com\/es\/\"},{\"@type\":\"ListItem\",\"position\":2,\"name\":\"Noticias\"}]},{\"@type\":\"WebSite\",\"@id\":\"https:\/\/pipesurveyinternational.com\/en\/#website\",\"url\":\"https:\/\/pipesurveyinternational.com\/en\/\",\"name\":\"Pipesurvey International\",\"description\":\"En nog een WordPress site\",\"potentialAction\":[{\"@type\":\"SearchAction\",\"target\":{\"@type\":\"EntryPoint\",\"urlTemplate\":\"https:\/\/pipesurveyinternational.com\/en\/?s={search_term_string}\"},\"query-input\":{\"@type\":\"PropertyValueSpecification\",\"valueRequired\":true,\"valueName\":\"search_term_string\"}}],\"inLanguage\":\"es\"}]}<\/script>\n<!-- \/ Yoast SEO plugin. -->","yoast_head_json":{"title":"Noticias - Pipesurvey International","robots":{"index":"index","follow":"follow","max-snippet":"max-snippet:-1","max-image-preview":"max-image-preview:large","max-video-preview":"max-video-preview:-1"},"canonical":"https:\/\/pipesurveyinternational.com\/es\/noticias\/","og_locale":"es_ES","og_type":"article","og_title":"Noticias - Pipesurvey International","og_description":"2019 Nuevo sitio web \u2013 Pipesurvey International lanz\u00f3 su nuevo sitio web. Por favor descubra todas las nuevas tecnolog\u00edas y servicios de Pipesurvey International. Si no ha encontrado lo que busca, utilice el formulario y nos pondremos en contacto con usted lo antes posible. PPIM2019 \u2013 Pipesurvey International los invita cordialmente as nuestro puesto no. [&hellip;]","og_url":"https:\/\/pipesurveyinternational.com\/es\/noticias\/","og_site_name":"Pipesurvey International","article_modified_time":"2019-08-13T15:29:05+00:00","twitter_card":"summary_large_image","twitter_misc":{"Tiempo de lectura":"3 minutos"},"schema":{"@context":"https:\/\/schema.org","@graph":[{"@type":"WebPage","@id":"https:\/\/pipesurveyinternational.com\/es\/noticias\/","url":"https:\/\/pipesurveyinternational.com\/es\/noticias\/","name":"Noticias - Pipesurvey International","isPartOf":{"@id":"https:\/\/pipesurveyinternational.com\/en\/#website"},"datePublished":"2019-08-13T15:27:17+00:00","dateModified":"2019-08-13T15:29:05+00:00","breadcrumb":{"@id":"https:\/\/pipesurveyinternational.com\/es\/noticias\/#breadcrumb"},"inLanguage":"es","potentialAction":[{"@type":"ReadAction","target":["https:\/\/pipesurveyinternational.com\/es\/noticias\/"]}]},{"@type":"BreadcrumbList","@id":"https:\/\/pipesurveyinternational.com\/es\/noticias\/#breadcrumb","itemListElement":[{"@type":"ListItem","position":1,"name":"Home","item":"https:\/\/pipesurveyinternational.com\/es\/"},{"@type":"ListItem","position":2,"name":"Noticias"}]},{"@type":"WebSite","@id":"https:\/\/pipesurveyinternational.com\/en\/#website","url":"https:\/\/pipesurveyinternational.com\/en\/","name":"Pipesurvey International","description":"En nog een WordPress site","potentialAction":[{"@type":"SearchAction","target":{"@type":"EntryPoint","urlTemplate":"https:\/\/pipesurveyinternational.com\/en\/?s={search_term_string}"},"query-input":{"@type":"PropertyValueSpecification","valueRequired":true,"valueName":"search_term_string"}}],"inLanguage":"es"}]}},"_links":{"self":[{"href":"https:\/\/pipesurveyinternational.com\/es\/wp-json\/wp\/v2\/pages\/708","targetHints":{"allow":["GET"]}}],"collection":[{"href":"https:\/\/pipesurveyinternational.com\/es\/wp-json\/wp\/v2\/pages"}],"about":[{"href":"https:\/\/pipesurveyinternational.com\/es\/wp-json\/wp\/v2\/types\/page"}],"author":[{"embeddable":true,"href":"https:\/\/pipesurveyinternational.com\/es\/wp-json\/wp\/v2\/users\/1"}],"replies":[{"embeddable":true,"href":"https:\/\/pipesurveyinternational.com\/es\/wp-json\/wp\/v2\/comments?post=708"}],"version-history":[{"count":3,"href":"https:\/\/pipesurveyinternational.com\/es\/wp-json\/wp\/v2\/pages\/708\/revisions"}],"predecessor-version":[{"id":711,"href":"https:\/\/pipesurveyinternational.com\/es\/wp-json\/wp\/v2\/pages\/708\/revisions\/711"}],"wp:attachment":[{"href":"https:\/\/pipesurveyinternational.com\/es\/wp-json\/wp\/v2\/media?parent=708"}],"curies":[{"name":"wp","href":"https:\/\/api.w.org\/{rel}","templated":true}]}}