{"id":706,"date":"2019-08-13T17:26:31","date_gmt":"2019-08-13T15:26:31","guid":{"rendered":"https:\/\/pipesurveyinternational.com\/?page_id=706"},"modified":"2019-08-14T14:47:59","modified_gmt":"2019-08-14T12:47:59","slug":"investigacion-y-desarrollo","status":"publish","type":"page","link":"https:\/\/pipesurveyinternational.com\/es\/soluciones\/investigacion-y-desarrollo\/","title":{"rendered":"Investigaci\u00f3n y Desarrollo"},"content":{"rendered":"<p>Como una empresa impulsada por la tecnolog\u00eda, Pipesurvey puede presumir el mayor rendimiento en desarrollo en la industria. Al ser el primero en desarrollar herramientas bidireccionales totalmente flexibles para una reducci\u00f3n del 25%, nuestra empresa aborda continuamente nuevos desaf\u00edos, busca nuevas oportunidades y aplica tecnolog\u00edas nuevas disponibles y dispositivos para mejorar el rendimiento y la precisi\u00f3n de herramientas y software.<\/p>\n","protected":false},"excerpt":{"rendered":"<p>Como una empresa impulsada por la tecnolog\u00eda, Pipesurvey puede presumir el mayor rendimiento en desarrollo en la industria. Al ser el primero en desarrollar herramientas bidireccionales totalmente flexibles para una reducci\u00f3n del 25%, nuestra empresa aborda continuamente nuevos desaf\u00edos, busca nuevas oportunidades y aplica tecnolog\u00edas nuevas disponibles y dispositivos para mejorar el rendimiento y la [&hellip;]<\/p>\n","protected":false},"author":1,"featured_media":656,"parent":715,"menu_order":0,"comment_status":"closed","ping_status":"closed","template":"","meta":{"_acf_changed":false,"footnotes":""},"class_list":["post-706","page","type-page","status-publish","has-post-thumbnail","hentry"],"acf":[],"yoast_head":"<!-- This site is optimized with the Yoast SEO plugin v26.8 - https:\/\/yoast.com\/product\/yoast-seo-wordpress\/ -->\n<title>Investigaci\u00f3n y Desarrollo - Pipesurvey International<\/title>\n<meta name=\"robots\" content=\"index, follow, max-snippet:-1, max-image-preview:large, max-video-preview:-1\" \/>\n<link rel=\"canonical\" href=\"https:\/\/pipesurveyinternational.com\/es\/soluciones\/investigacion-y-desarrollo\/\" \/>\n<meta property=\"og:locale\" content=\"es_ES\" \/>\n<meta property=\"og:type\" content=\"article\" \/>\n<meta property=\"og:title\" content=\"Investigaci\u00f3n y Desarrollo - Pipesurvey International\" \/>\n<meta property=\"og:description\" content=\"Como una empresa impulsada por la tecnolog\u00eda, Pipesurvey puede presumir el mayor rendimiento en desarrollo en la industria. Al ser el primero en desarrollar herramientas bidireccionales totalmente flexibles para una reducci\u00f3n del 25%, nuestra empresa aborda continuamente nuevos desaf\u00edos, busca nuevas oportunidades y aplica tecnolog\u00edas nuevas disponibles y dispositivos para mejorar el rendimiento y la [&hellip;]\" \/>\n<meta property=\"og:url\" content=\"https:\/\/pipesurveyinternational.com\/es\/soluciones\/investigacion-y-desarrollo\/\" \/>\n<meta property=\"og:site_name\" content=\"Pipesurvey International\" \/>\n<meta property=\"article:modified_time\" content=\"2019-08-14T12:47:59+00:00\" \/>\n<meta property=\"og:image\" content=\"https:\/\/pipesurveyinternational.com\/wp-content\/uploads\/2019\/01\/Schermafbeelding-2019-01-08-om-16.50.30-1024x358.png\" \/>\n\t<meta property=\"og:image:width\" content=\"1024\" \/>\n\t<meta property=\"og:image:height\" content=\"358\" \/>\n\t<meta property=\"og:image:type\" content=\"image\/png\" \/>\n<meta name=\"twitter:card\" content=\"summary_large_image\" \/>\n<script type=\"application\/ld+json\" class=\"yoast-schema-graph\">{\"@context\":\"https:\/\/schema.org\",\"@graph\":[{\"@type\":\"WebPage\",\"@id\":\"https:\/\/pipesurveyinternational.com\/es\/soluciones\/investigacion-y-desarrollo\/\",\"url\":\"https:\/\/pipesurveyinternational.com\/es\/soluciones\/investigacion-y-desarrollo\/\",\"name\":\"Investigaci\u00f3n y Desarrollo - Pipesurvey International\",\"isPartOf\":{\"@id\":\"https:\/\/pipesurveyinternational.com\/en\/#website\"},\"primaryImageOfPage\":{\"@id\":\"https:\/\/pipesurveyinternational.com\/es\/soluciones\/investigacion-y-desarrollo\/#primaryimage\"},\"image\":{\"@id\":\"https:\/\/pipesurveyinternational.com\/es\/soluciones\/investigacion-y-desarrollo\/#primaryimage\"},\"thumbnailUrl\":\"https:\/\/pipesurveyinternational.com\/wp-content\/uploads\/2019\/01\/Schermafbeelding-2019-01-08-om-16.50.30.png\",\"datePublished\":\"2019-08-13T15:26:31+00:00\",\"dateModified\":\"2019-08-14T12:47:59+00:00\",\"breadcrumb\":{\"@id\":\"https:\/\/pipesurveyinternational.com\/es\/soluciones\/investigacion-y-desarrollo\/#breadcrumb\"},\"inLanguage\":\"es\",\"potentialAction\":[{\"@type\":\"ReadAction\",\"target\":[\"https:\/\/pipesurveyinternational.com\/es\/soluciones\/investigacion-y-desarrollo\/\"]}]},{\"@type\":\"ImageObject\",\"inLanguage\":\"es\",\"@id\":\"https:\/\/pipesurveyinternational.com\/es\/soluciones\/investigacion-y-desarrollo\/#primaryimage\",\"url\":\"https:\/\/pipesurveyinternational.com\/wp-content\/uploads\/2019\/01\/Schermafbeelding-2019-01-08-om-16.50.30.png\",\"contentUrl\":\"https:\/\/pipesurveyinternational.com\/wp-content\/uploads\/2019\/01\/Schermafbeelding-2019-01-08-om-16.50.30.png\",\"width\":2286,\"height\":800},{\"@type\":\"BreadcrumbList\",\"@id\":\"https:\/\/pipesurveyinternational.com\/es\/soluciones\/investigacion-y-desarrollo\/#breadcrumb\",\"itemListElement\":[{\"@type\":\"ListItem\",\"position\":1,\"name\":\"Home\",\"item\":\"https:\/\/pipesurveyinternational.com\/es\/\"},{\"@type\":\"ListItem\",\"position\":2,\"name\":\"Soluciones\",\"item\":\"https:\/\/pipesurveyinternational.com\/es\/soluciones\/\"},{\"@type\":\"ListItem\",\"position\":3,\"name\":\"Investigaci\u00f3n y Desarrollo\"}]},{\"@type\":\"WebSite\",\"@id\":\"https:\/\/pipesurveyinternational.com\/en\/#website\",\"url\":\"https:\/\/pipesurveyinternational.com\/en\/\",\"name\":\"Pipesurvey International\",\"description\":\"En nog een WordPress site\",\"potentialAction\":[{\"@type\":\"SearchAction\",\"target\":{\"@type\":\"EntryPoint\",\"urlTemplate\":\"https:\/\/pipesurveyinternational.com\/en\/?s={search_term_string}\"},\"query-input\":{\"@type\":\"PropertyValueSpecification\",\"valueRequired\":true,\"valueName\":\"search_term_string\"}}],\"inLanguage\":\"es\"}]}<\/script>\n<!-- \/ Yoast SEO plugin. -->","yoast_head_json":{"title":"Investigaci\u00f3n y Desarrollo - Pipesurvey International","robots":{"index":"index","follow":"follow","max-snippet":"max-snippet:-1","max-image-preview":"max-image-preview:large","max-video-preview":"max-video-preview:-1"},"canonical":"https:\/\/pipesurveyinternational.com\/es\/soluciones\/investigacion-y-desarrollo\/","og_locale":"es_ES","og_type":"article","og_title":"Investigaci\u00f3n y Desarrollo - Pipesurvey International","og_description":"Como una empresa impulsada por la tecnolog\u00eda, Pipesurvey puede presumir el mayor rendimiento en desarrollo en la industria. Al ser el primero en desarrollar herramientas bidireccionales totalmente flexibles para una reducci\u00f3n del 25%, nuestra empresa aborda continuamente nuevos desaf\u00edos, busca nuevas oportunidades y aplica tecnolog\u00edas nuevas disponibles y dispositivos para mejorar el rendimiento y la [&hellip;]","og_url":"https:\/\/pipesurveyinternational.com\/es\/soluciones\/investigacion-y-desarrollo\/","og_site_name":"Pipesurvey International","article_modified_time":"2019-08-14T12:47:59+00:00","og_image":[{"width":1024,"height":358,"url":"https:\/\/pipesurveyinternational.com\/wp-content\/uploads\/2019\/01\/Schermafbeelding-2019-01-08-om-16.50.30-1024x358.png","type":"image\/png"}],"twitter_card":"summary_large_image","schema":{"@context":"https:\/\/schema.org","@graph":[{"@type":"WebPage","@id":"https:\/\/pipesurveyinternational.com\/es\/soluciones\/investigacion-y-desarrollo\/","url":"https:\/\/pipesurveyinternational.com\/es\/soluciones\/investigacion-y-desarrollo\/","name":"Investigaci\u00f3n y Desarrollo - Pipesurvey International","isPartOf":{"@id":"https:\/\/pipesurveyinternational.com\/en\/#website"},"primaryImageOfPage":{"@id":"https:\/\/pipesurveyinternational.com\/es\/soluciones\/investigacion-y-desarrollo\/#primaryimage"},"image":{"@id":"https:\/\/pipesurveyinternational.com\/es\/soluciones\/investigacion-y-desarrollo\/#primaryimage"},"thumbnailUrl":"https:\/\/pipesurveyinternational.com\/wp-content\/uploads\/2019\/01\/Schermafbeelding-2019-01-08-om-16.50.30.png","datePublished":"2019-08-13T15:26:31+00:00","dateModified":"2019-08-14T12:47:59+00:00","breadcrumb":{"@id":"https:\/\/pipesurveyinternational.com\/es\/soluciones\/investigacion-y-desarrollo\/#breadcrumb"},"inLanguage":"es","potentialAction":[{"@type":"ReadAction","target":["https:\/\/pipesurveyinternational.com\/es\/soluciones\/investigacion-y-desarrollo\/"]}]},{"@type":"ImageObject","inLanguage":"es","@id":"https:\/\/pipesurveyinternational.com\/es\/soluciones\/investigacion-y-desarrollo\/#primaryimage","url":"https:\/\/pipesurveyinternational.com\/wp-content\/uploads\/2019\/01\/Schermafbeelding-2019-01-08-om-16.50.30.png","contentUrl":"https:\/\/pipesurveyinternational.com\/wp-content\/uploads\/2019\/01\/Schermafbeelding-2019-01-08-om-16.50.30.png","width":2286,"height":800},{"@type":"BreadcrumbList","@id":"https:\/\/pipesurveyinternational.com\/es\/soluciones\/investigacion-y-desarrollo\/#breadcrumb","itemListElement":[{"@type":"ListItem","position":1,"name":"Home","item":"https:\/\/pipesurveyinternational.com\/es\/"},{"@type":"ListItem","position":2,"name":"Soluciones","item":"https:\/\/pipesurveyinternational.com\/es\/soluciones\/"},{"@type":"ListItem","position":3,"name":"Investigaci\u00f3n y Desarrollo"}]},{"@type":"WebSite","@id":"https:\/\/pipesurveyinternational.com\/en\/#website","url":"https:\/\/pipesurveyinternational.com\/en\/","name":"Pipesurvey International","description":"En nog een WordPress site","potentialAction":[{"@type":"SearchAction","target":{"@type":"EntryPoint","urlTemplate":"https:\/\/pipesurveyinternational.com\/en\/?s={search_term_string}"},"query-input":{"@type":"PropertyValueSpecification","valueRequired":true,"valueName":"search_term_string"}}],"inLanguage":"es"}]}},"_links":{"self":[{"href":"https:\/\/pipesurveyinternational.com\/es\/wp-json\/wp\/v2\/pages\/706","targetHints":{"allow":["GET"]}}],"collection":[{"href":"https:\/\/pipesurveyinternational.com\/es\/wp-json\/wp\/v2\/pages"}],"about":[{"href":"https:\/\/pipesurveyinternational.com\/es\/wp-json\/wp\/v2\/types\/page"}],"author":[{"embeddable":true,"href":"https:\/\/pipesurveyinternational.com\/es\/wp-json\/wp\/v2\/users\/1"}],"replies":[{"embeddable":true,"href":"https:\/\/pipesurveyinternational.com\/es\/wp-json\/wp\/v2\/comments?post=706"}],"version-history":[{"count":2,"href":"https:\/\/pipesurveyinternational.com\/es\/wp-json\/wp\/v2\/pages\/706\/revisions"}],"predecessor-version":[{"id":816,"href":"https:\/\/pipesurveyinternational.com\/es\/wp-json\/wp\/v2\/pages\/706\/revisions\/816"}],"up":[{"embeddable":true,"href":"https:\/\/pipesurveyinternational.com\/es\/wp-json\/wp\/v2\/pages\/715"}],"wp:featuredmedia":[{"embeddable":true,"href":"https:\/\/pipesurveyinternational.com\/es\/wp-json\/wp\/v2\/media\/656"}],"wp:attachment":[{"href":"https:\/\/pipesurveyinternational.com\/es\/wp-json\/wp\/v2\/media?parent=706"}],"curies":[{"name":"wp","href":"https:\/\/api.w.org\/{rel}","templated":true}]}}