{"id":704,"date":"2019-08-13T17:25:44","date_gmt":"2019-08-13T15:25:44","guid":{"rendered":"https:\/\/pipesurveyinternational.com\/?page_id=704"},"modified":"2019-08-14T14:49:45","modified_gmt":"2019-08-14T12:49:45","slug":"mapeo-xyz-de-ductos","status":"publish","type":"page","link":"https:\/\/pipesurveyinternational.com\/es\/soluciones\/mapeo-xyz-de-ductos\/","title":{"rendered":"Mapeo XYZ de ductos"},"content":{"rendered":"<p>El giroscopio de fibra \u00f3ptica de alta gama ofrece informaci\u00f3n espacial sobre el ducto. Todas las indicaciones del ducto soldaduras, y anomal\u00edas son reportadas en coordenadas de GPS. Cuando se combina con puntos de marcadores AGM estrat\u00e9gicamente elegidos y medidos en GPS diferencial, el m\u00f3dulo XYZ proporciona una precisi\u00f3n inferior a un metro de los defectos del ducto. La curvatura del ducto puede determinarse y servir como base para la evaluaci\u00f3n de tensi\u00f3n del ducto. La unidad de mapeo de ductos XYZ es herramienta valiosa para determinar la integridad del ducto en \u00e1reas monta\u00f1osas y geof\u00edsicamente activos tales como \u00e1reas mineras, offshore y cruces de r\u00edo. El modulo inercial puede ser combinado con cualquiera de nuestra herramienta de inspecci\u00f3n.<\/p>\n","protected":false},"excerpt":{"rendered":"<p>El giroscopio de fibra \u00f3ptica de alta gama ofrece informaci\u00f3n espacial sobre el ducto. Todas las indicaciones del ducto soldaduras, y anomal\u00edas son reportadas en coordenadas de GPS. Cuando se combina con puntos de marcadores AGM estrat\u00e9gicamente elegidos y medidos en GPS diferencial, el m\u00f3dulo XYZ proporciona una precisi\u00f3n inferior a un metro de los [&hellip;]<\/p>\n","protected":false},"author":1,"featured_media":651,"parent":715,"menu_order":0,"comment_status":"closed","ping_status":"closed","template":"","meta":{"_acf_changed":false,"footnotes":""},"class_list":["post-704","page","type-page","status-publish","has-post-thumbnail","hentry"],"acf":[],"yoast_head":"<!-- This site is optimized with the Yoast SEO plugin v26.8 - https:\/\/yoast.com\/product\/yoast-seo-wordpress\/ -->\n<title>Mapeo XYZ de ductos - Pipesurvey International<\/title>\n<meta name=\"robots\" content=\"index, follow, max-snippet:-1, max-image-preview:large, max-video-preview:-1\" \/>\n<link rel=\"canonical\" href=\"https:\/\/pipesurveyinternational.com\/es\/soluciones\/mapeo-xyz-de-ductos\/\" \/>\n<meta property=\"og:locale\" content=\"es_ES\" \/>\n<meta property=\"og:type\" content=\"article\" \/>\n<meta property=\"og:title\" content=\"Mapeo XYZ de ductos - Pipesurvey International\" \/>\n<meta property=\"og:description\" content=\"El giroscopio de fibra \u00f3ptica de alta gama ofrece informaci\u00f3n espacial sobre el ducto. Todas las indicaciones del ducto soldaduras, y anomal\u00edas son reportadas en coordenadas de GPS. Cuando se combina con puntos de marcadores AGM estrat\u00e9gicamente elegidos y medidos en GPS diferencial, el m\u00f3dulo XYZ proporciona una precisi\u00f3n inferior a un metro de los [&hellip;]\" \/>\n<meta property=\"og:url\" content=\"https:\/\/pipesurveyinternational.com\/es\/soluciones\/mapeo-xyz-de-ductos\/\" \/>\n<meta property=\"og:site_name\" content=\"Pipesurvey International\" \/>\n<meta property=\"article:modified_time\" content=\"2019-08-14T12:49:45+00:00\" \/>\n<meta property=\"og:image\" content=\"https:\/\/pipesurveyinternational.com\/wp-content\/uploads\/2019\/01\/Schermafbeelding-2019-01-08-om-14.39.41-e1551091625982-1024x238.png\" \/>\n\t<meta property=\"og:image:width\" content=\"1024\" \/>\n\t<meta property=\"og:image:height\" content=\"238\" \/>\n\t<meta property=\"og:image:type\" content=\"image\/png\" \/>\n<meta name=\"twitter:card\" content=\"summary_large_image\" \/>\n<meta name=\"twitter:label1\" content=\"Tiempo de lectura\" \/>\n\t<meta name=\"twitter:data1\" content=\"1 minuto\" \/>\n<script type=\"application\/ld+json\" class=\"yoast-schema-graph\">{\"@context\":\"https:\/\/schema.org\",\"@graph\":[{\"@type\":\"WebPage\",\"@id\":\"https:\/\/pipesurveyinternational.com\/es\/soluciones\/mapeo-xyz-de-ductos\/\",\"url\":\"https:\/\/pipesurveyinternational.com\/es\/soluciones\/mapeo-xyz-de-ductos\/\",\"name\":\"Mapeo XYZ de ductos - Pipesurvey International\",\"isPartOf\":{\"@id\":\"https:\/\/pipesurveyinternational.com\/en\/#website\"},\"primaryImageOfPage\":{\"@id\":\"https:\/\/pipesurveyinternational.com\/es\/soluciones\/mapeo-xyz-de-ductos\/#primaryimage\"},\"image\":{\"@id\":\"https:\/\/pipesurveyinternational.com\/es\/soluciones\/mapeo-xyz-de-ductos\/#primaryimage\"},\"thumbnailUrl\":\"https:\/\/pipesurveyinternational.com\/wp-content\/uploads\/2019\/01\/Schermafbeelding-2019-01-08-om-14.39.41-e1551091625982.png\",\"datePublished\":\"2019-08-13T15:25:44+00:00\",\"dateModified\":\"2019-08-14T12:49:45+00:00\",\"breadcrumb\":{\"@id\":\"https:\/\/pipesurveyinternational.com\/es\/soluciones\/mapeo-xyz-de-ductos\/#breadcrumb\"},\"inLanguage\":\"es\",\"potentialAction\":[{\"@type\":\"ReadAction\",\"target\":[\"https:\/\/pipesurveyinternational.com\/es\/soluciones\/mapeo-xyz-de-ductos\/\"]}]},{\"@type\":\"ImageObject\",\"inLanguage\":\"es\",\"@id\":\"https:\/\/pipesurveyinternational.com\/es\/soluciones\/mapeo-xyz-de-ductos\/#primaryimage\",\"url\":\"https:\/\/pipesurveyinternational.com\/wp-content\/uploads\/2019\/01\/Schermafbeelding-2019-01-08-om-14.39.41-e1551091625982.png\",\"contentUrl\":\"https:\/\/pipesurveyinternational.com\/wp-content\/uploads\/2019\/01\/Schermafbeelding-2019-01-08-om-14.39.41-e1551091625982.png\",\"width\":2651,\"height\":616},{\"@type\":\"BreadcrumbList\",\"@id\":\"https:\/\/pipesurveyinternational.com\/es\/soluciones\/mapeo-xyz-de-ductos\/#breadcrumb\",\"itemListElement\":[{\"@type\":\"ListItem\",\"position\":1,\"name\":\"Home\",\"item\":\"https:\/\/pipesurveyinternational.com\/es\/\"},{\"@type\":\"ListItem\",\"position\":2,\"name\":\"Soluciones\",\"item\":\"https:\/\/pipesurveyinternational.com\/es\/soluciones\/\"},{\"@type\":\"ListItem\",\"position\":3,\"name\":\"Mapeo XYZ de ductos\"}]},{\"@type\":\"WebSite\",\"@id\":\"https:\/\/pipesurveyinternational.com\/en\/#website\",\"url\":\"https:\/\/pipesurveyinternational.com\/en\/\",\"name\":\"Pipesurvey International\",\"description\":\"En nog een WordPress site\",\"potentialAction\":[{\"@type\":\"SearchAction\",\"target\":{\"@type\":\"EntryPoint\",\"urlTemplate\":\"https:\/\/pipesurveyinternational.com\/en\/?s={search_term_string}\"},\"query-input\":{\"@type\":\"PropertyValueSpecification\",\"valueRequired\":true,\"valueName\":\"search_term_string\"}}],\"inLanguage\":\"es\"}]}<\/script>\n<!-- \/ Yoast SEO plugin. -->","yoast_head_json":{"title":"Mapeo XYZ de ductos - Pipesurvey International","robots":{"index":"index","follow":"follow","max-snippet":"max-snippet:-1","max-image-preview":"max-image-preview:large","max-video-preview":"max-video-preview:-1"},"canonical":"https:\/\/pipesurveyinternational.com\/es\/soluciones\/mapeo-xyz-de-ductos\/","og_locale":"es_ES","og_type":"article","og_title":"Mapeo XYZ de ductos - Pipesurvey International","og_description":"El giroscopio de fibra \u00f3ptica de alta gama ofrece informaci\u00f3n espacial sobre el ducto. Todas las indicaciones del ducto soldaduras, y anomal\u00edas son reportadas en coordenadas de GPS. Cuando se combina con puntos de marcadores AGM estrat\u00e9gicamente elegidos y medidos en GPS diferencial, el m\u00f3dulo XYZ proporciona una precisi\u00f3n inferior a un metro de los [&hellip;]","og_url":"https:\/\/pipesurveyinternational.com\/es\/soluciones\/mapeo-xyz-de-ductos\/","og_site_name":"Pipesurvey International","article_modified_time":"2019-08-14T12:49:45+00:00","og_image":[{"width":1024,"height":238,"url":"https:\/\/pipesurveyinternational.com\/wp-content\/uploads\/2019\/01\/Schermafbeelding-2019-01-08-om-14.39.41-e1551091625982-1024x238.png","type":"image\/png"}],"twitter_card":"summary_large_image","twitter_misc":{"Tiempo de lectura":"1 minuto"},"schema":{"@context":"https:\/\/schema.org","@graph":[{"@type":"WebPage","@id":"https:\/\/pipesurveyinternational.com\/es\/soluciones\/mapeo-xyz-de-ductos\/","url":"https:\/\/pipesurveyinternational.com\/es\/soluciones\/mapeo-xyz-de-ductos\/","name":"Mapeo XYZ de ductos - Pipesurvey International","isPartOf":{"@id":"https:\/\/pipesurveyinternational.com\/en\/#website"},"primaryImageOfPage":{"@id":"https:\/\/pipesurveyinternational.com\/es\/soluciones\/mapeo-xyz-de-ductos\/#primaryimage"},"image":{"@id":"https:\/\/pipesurveyinternational.com\/es\/soluciones\/mapeo-xyz-de-ductos\/#primaryimage"},"thumbnailUrl":"https:\/\/pipesurveyinternational.com\/wp-content\/uploads\/2019\/01\/Schermafbeelding-2019-01-08-om-14.39.41-e1551091625982.png","datePublished":"2019-08-13T15:25:44+00:00","dateModified":"2019-08-14T12:49:45+00:00","breadcrumb":{"@id":"https:\/\/pipesurveyinternational.com\/es\/soluciones\/mapeo-xyz-de-ductos\/#breadcrumb"},"inLanguage":"es","potentialAction":[{"@type":"ReadAction","target":["https:\/\/pipesurveyinternational.com\/es\/soluciones\/mapeo-xyz-de-ductos\/"]}]},{"@type":"ImageObject","inLanguage":"es","@id":"https:\/\/pipesurveyinternational.com\/es\/soluciones\/mapeo-xyz-de-ductos\/#primaryimage","url":"https:\/\/pipesurveyinternational.com\/wp-content\/uploads\/2019\/01\/Schermafbeelding-2019-01-08-om-14.39.41-e1551091625982.png","contentUrl":"https:\/\/pipesurveyinternational.com\/wp-content\/uploads\/2019\/01\/Schermafbeelding-2019-01-08-om-14.39.41-e1551091625982.png","width":2651,"height":616},{"@type":"BreadcrumbList","@id":"https:\/\/pipesurveyinternational.com\/es\/soluciones\/mapeo-xyz-de-ductos\/#breadcrumb","itemListElement":[{"@type":"ListItem","position":1,"name":"Home","item":"https:\/\/pipesurveyinternational.com\/es\/"},{"@type":"ListItem","position":2,"name":"Soluciones","item":"https:\/\/pipesurveyinternational.com\/es\/soluciones\/"},{"@type":"ListItem","position":3,"name":"Mapeo XYZ de ductos"}]},{"@type":"WebSite","@id":"https:\/\/pipesurveyinternational.com\/en\/#website","url":"https:\/\/pipesurveyinternational.com\/en\/","name":"Pipesurvey International","description":"En nog een WordPress site","potentialAction":[{"@type":"SearchAction","target":{"@type":"EntryPoint","urlTemplate":"https:\/\/pipesurveyinternational.com\/en\/?s={search_term_string}"},"query-input":{"@type":"PropertyValueSpecification","valueRequired":true,"valueName":"search_term_string"}}],"inLanguage":"es"}]}},"_links":{"self":[{"href":"https:\/\/pipesurveyinternational.com\/es\/wp-json\/wp\/v2\/pages\/704","targetHints":{"allow":["GET"]}}],"collection":[{"href":"https:\/\/pipesurveyinternational.com\/es\/wp-json\/wp\/v2\/pages"}],"about":[{"href":"https:\/\/pipesurveyinternational.com\/es\/wp-json\/wp\/v2\/types\/page"}],"author":[{"embeddable":true,"href":"https:\/\/pipesurveyinternational.com\/es\/wp-json\/wp\/v2\/users\/1"}],"replies":[{"embeddable":true,"href":"https:\/\/pipesurveyinternational.com\/es\/wp-json\/wp\/v2\/comments?post=704"}],"version-history":[{"count":2,"href":"https:\/\/pipesurveyinternational.com\/es\/wp-json\/wp\/v2\/pages\/704\/revisions"}],"predecessor-version":[{"id":817,"href":"https:\/\/pipesurveyinternational.com\/es\/wp-json\/wp\/v2\/pages\/704\/revisions\/817"}],"up":[{"embeddable":true,"href":"https:\/\/pipesurveyinternational.com\/es\/wp-json\/wp\/v2\/pages\/715"}],"wp:featuredmedia":[{"embeddable":true,"href":"https:\/\/pipesurveyinternational.com\/es\/wp-json\/wp\/v2\/media\/651"}],"wp:attachment":[{"href":"https:\/\/pipesurveyinternational.com\/es\/wp-json\/wp\/v2\/media?parent=704"}],"curies":[{"name":"wp","href":"https:\/\/api.w.org\/{rel}","templated":true}]}}