{"id":700,"date":"2019-08-13T17:22:55","date_gmt":"2019-08-13T15:22:55","guid":{"rendered":"https:\/\/pipesurveyinternational.com\/?page_id=700"},"modified":"2019-08-14T14:44:21","modified_gmt":"2019-08-14T12:44:21","slug":"grietas","status":"publish","type":"page","link":"https:\/\/pipesurveyinternational.com\/es\/soluciones\/grietas\/","title":{"rendered":"Grietas"},"content":{"rendered":"<h2>Tecnolog\u00eda MFL y C-MFL<\/h2>\n<p>Los defectos del tipo grieta con una apertura de m\u00e1s de 0.2mm se han hecho visibles mediante un procesamiento especial de se\u00f1ales MFL. La tecnolog\u00eda regular MFL se ha utilizado para evaluar los defectos del tipo grieta en las soldaduras circunferenciales, mientras que las se\u00f1ales del tipo C-MFL se usan para detectar defectos del tipo grieta orientados axialmente.<\/p>\n<p>Las grietas pueden ocurrir tanto individualmente o en colonias y pueden aparecer en el cuerpo del ducto o estar asociadas con soldaduras circunferenciales o longitudinales. La diferencia entre las grietas y defectos tipo grieta es que la grietas son anomal\u00edas planares, lo que significa que tienen una longitud y una profundidad, pero sin un ancho. Defectos tipo grieta, por el contrario, son asociadas con una apertura de la superficie del ducto y pueden ser detectadas por la tecnolog\u00eda MFL.<\/p>\n","protected":false},"excerpt":{"rendered":"<p>Tecnolog\u00eda MFL y C-MFL Los defectos del tipo grieta con una apertura de m\u00e1s de 0.2mm se han hecho visibles mediante un procesamiento especial de se\u00f1ales MFL. La tecnolog\u00eda regular MFL se ha utilizado para evaluar los defectos del tipo grieta en las soldaduras circunferenciales, mientras que las se\u00f1ales del tipo C-MFL se usan para [&hellip;]<\/p>\n","protected":false},"author":1,"featured_media":650,"parent":715,"menu_order":0,"comment_status":"closed","ping_status":"closed","template":"","meta":{"_acf_changed":false,"footnotes":""},"class_list":["post-700","page","type-page","status-publish","has-post-thumbnail","hentry"],"acf":[],"yoast_head":"<!-- This site is optimized with the Yoast SEO plugin v26.8 - https:\/\/yoast.com\/product\/yoast-seo-wordpress\/ -->\n<title>Grietas - Pipesurvey International<\/title>\n<meta name=\"robots\" content=\"index, follow, max-snippet:-1, max-image-preview:large, max-video-preview:-1\" \/>\n<link rel=\"canonical\" href=\"https:\/\/pipesurveyinternational.com\/es\/soluciones\/grietas\/\" \/>\n<meta property=\"og:locale\" content=\"es_ES\" \/>\n<meta property=\"og:type\" content=\"article\" \/>\n<meta property=\"og:title\" content=\"Grietas - Pipesurvey International\" \/>\n<meta property=\"og:description\" content=\"Tecnolog\u00eda MFL y C-MFL Los defectos del tipo grieta con una apertura de m\u00e1s de 0.2mm se han hecho visibles mediante un procesamiento especial de se\u00f1ales MFL. La tecnolog\u00eda regular MFL se ha utilizado para evaluar los defectos del tipo grieta en las soldaduras circunferenciales, mientras que las se\u00f1ales del tipo C-MFL se usan para [&hellip;]\" \/>\n<meta property=\"og:url\" content=\"https:\/\/pipesurveyinternational.com\/es\/soluciones\/grietas\/\" \/>\n<meta property=\"og:site_name\" content=\"Pipesurvey International\" \/>\n<meta property=\"article:modified_time\" content=\"2019-08-14T12:44:21+00:00\" \/>\n<meta property=\"og:image\" content=\"https:\/\/pipesurveyinternational.com\/wp-content\/uploads\/2019\/01\/Schermafbeelding-2019-01-08-om-14.30.05-1024x314.png\" \/>\n\t<meta property=\"og:image:width\" content=\"1024\" \/>\n\t<meta property=\"og:image:height\" content=\"314\" \/>\n\t<meta property=\"og:image:type\" content=\"image\/png\" \/>\n<meta name=\"twitter:card\" content=\"summary_large_image\" \/>\n<meta name=\"twitter:label1\" content=\"Tiempo de lectura\" \/>\n\t<meta name=\"twitter:data1\" content=\"1 minuto\" \/>\n<script type=\"application\/ld+json\" class=\"yoast-schema-graph\">{\"@context\":\"https:\/\/schema.org\",\"@graph\":[{\"@type\":\"WebPage\",\"@id\":\"https:\/\/pipesurveyinternational.com\/es\/soluciones\/grietas\/\",\"url\":\"https:\/\/pipesurveyinternational.com\/es\/soluciones\/grietas\/\",\"name\":\"Grietas - Pipesurvey International\",\"isPartOf\":{\"@id\":\"https:\/\/pipesurveyinternational.com\/en\/#website\"},\"primaryImageOfPage\":{\"@id\":\"https:\/\/pipesurveyinternational.com\/es\/soluciones\/grietas\/#primaryimage\"},\"image\":{\"@id\":\"https:\/\/pipesurveyinternational.com\/es\/soluciones\/grietas\/#primaryimage\"},\"thumbnailUrl\":\"https:\/\/pipesurveyinternational.com\/wp-content\/uploads\/2019\/01\/Schermafbeelding-2019-01-08-om-14.30.05.png\",\"datePublished\":\"2019-08-13T15:22:55+00:00\",\"dateModified\":\"2019-08-14T12:44:21+00:00\",\"breadcrumb\":{\"@id\":\"https:\/\/pipesurveyinternational.com\/es\/soluciones\/grietas\/#breadcrumb\"},\"inLanguage\":\"es\",\"potentialAction\":[{\"@type\":\"ReadAction\",\"target\":[\"https:\/\/pipesurveyinternational.com\/es\/soluciones\/grietas\/\"]}]},{\"@type\":\"ImageObject\",\"inLanguage\":\"es\",\"@id\":\"https:\/\/pipesurveyinternational.com\/es\/soluciones\/grietas\/#primaryimage\",\"url\":\"https:\/\/pipesurveyinternational.com\/wp-content\/uploads\/2019\/01\/Schermafbeelding-2019-01-08-om-14.30.05.png\",\"contentUrl\":\"https:\/\/pipesurveyinternational.com\/wp-content\/uploads\/2019\/01\/Schermafbeelding-2019-01-08-om-14.30.05.png\",\"width\":2368,\"height\":726},{\"@type\":\"BreadcrumbList\",\"@id\":\"https:\/\/pipesurveyinternational.com\/es\/soluciones\/grietas\/#breadcrumb\",\"itemListElement\":[{\"@type\":\"ListItem\",\"position\":1,\"name\":\"Home\",\"item\":\"https:\/\/pipesurveyinternational.com\/es\/\"},{\"@type\":\"ListItem\",\"position\":2,\"name\":\"Soluciones\",\"item\":\"https:\/\/pipesurveyinternational.com\/es\/soluciones\/\"},{\"@type\":\"ListItem\",\"position\":3,\"name\":\"Grietas\"}]},{\"@type\":\"WebSite\",\"@id\":\"https:\/\/pipesurveyinternational.com\/en\/#website\",\"url\":\"https:\/\/pipesurveyinternational.com\/en\/\",\"name\":\"Pipesurvey International\",\"description\":\"En nog een WordPress site\",\"potentialAction\":[{\"@type\":\"SearchAction\",\"target\":{\"@type\":\"EntryPoint\",\"urlTemplate\":\"https:\/\/pipesurveyinternational.com\/en\/?s={search_term_string}\"},\"query-input\":{\"@type\":\"PropertyValueSpecification\",\"valueRequired\":true,\"valueName\":\"search_term_string\"}}],\"inLanguage\":\"es\"}]}<\/script>\n<!-- \/ Yoast SEO plugin. -->","yoast_head_json":{"title":"Grietas - Pipesurvey International","robots":{"index":"index","follow":"follow","max-snippet":"max-snippet:-1","max-image-preview":"max-image-preview:large","max-video-preview":"max-video-preview:-1"},"canonical":"https:\/\/pipesurveyinternational.com\/es\/soluciones\/grietas\/","og_locale":"es_ES","og_type":"article","og_title":"Grietas - Pipesurvey International","og_description":"Tecnolog\u00eda MFL y C-MFL Los defectos del tipo grieta con una apertura de m\u00e1s de 0.2mm se han hecho visibles mediante un procesamiento especial de se\u00f1ales MFL. La tecnolog\u00eda regular MFL se ha utilizado para evaluar los defectos del tipo grieta en las soldaduras circunferenciales, mientras que las se\u00f1ales del tipo C-MFL se usan para [&hellip;]","og_url":"https:\/\/pipesurveyinternational.com\/es\/soluciones\/grietas\/","og_site_name":"Pipesurvey International","article_modified_time":"2019-08-14T12:44:21+00:00","og_image":[{"width":1024,"height":314,"url":"https:\/\/pipesurveyinternational.com\/wp-content\/uploads\/2019\/01\/Schermafbeelding-2019-01-08-om-14.30.05-1024x314.png","type":"image\/png"}],"twitter_card":"summary_large_image","twitter_misc":{"Tiempo de lectura":"1 minuto"},"schema":{"@context":"https:\/\/schema.org","@graph":[{"@type":"WebPage","@id":"https:\/\/pipesurveyinternational.com\/es\/soluciones\/grietas\/","url":"https:\/\/pipesurveyinternational.com\/es\/soluciones\/grietas\/","name":"Grietas - Pipesurvey International","isPartOf":{"@id":"https:\/\/pipesurveyinternational.com\/en\/#website"},"primaryImageOfPage":{"@id":"https:\/\/pipesurveyinternational.com\/es\/soluciones\/grietas\/#primaryimage"},"image":{"@id":"https:\/\/pipesurveyinternational.com\/es\/soluciones\/grietas\/#primaryimage"},"thumbnailUrl":"https:\/\/pipesurveyinternational.com\/wp-content\/uploads\/2019\/01\/Schermafbeelding-2019-01-08-om-14.30.05.png","datePublished":"2019-08-13T15:22:55+00:00","dateModified":"2019-08-14T12:44:21+00:00","breadcrumb":{"@id":"https:\/\/pipesurveyinternational.com\/es\/soluciones\/grietas\/#breadcrumb"},"inLanguage":"es","potentialAction":[{"@type":"ReadAction","target":["https:\/\/pipesurveyinternational.com\/es\/soluciones\/grietas\/"]}]},{"@type":"ImageObject","inLanguage":"es","@id":"https:\/\/pipesurveyinternational.com\/es\/soluciones\/grietas\/#primaryimage","url":"https:\/\/pipesurveyinternational.com\/wp-content\/uploads\/2019\/01\/Schermafbeelding-2019-01-08-om-14.30.05.png","contentUrl":"https:\/\/pipesurveyinternational.com\/wp-content\/uploads\/2019\/01\/Schermafbeelding-2019-01-08-om-14.30.05.png","width":2368,"height":726},{"@type":"BreadcrumbList","@id":"https:\/\/pipesurveyinternational.com\/es\/soluciones\/grietas\/#breadcrumb","itemListElement":[{"@type":"ListItem","position":1,"name":"Home","item":"https:\/\/pipesurveyinternational.com\/es\/"},{"@type":"ListItem","position":2,"name":"Soluciones","item":"https:\/\/pipesurveyinternational.com\/es\/soluciones\/"},{"@type":"ListItem","position":3,"name":"Grietas"}]},{"@type":"WebSite","@id":"https:\/\/pipesurveyinternational.com\/en\/#website","url":"https:\/\/pipesurveyinternational.com\/en\/","name":"Pipesurvey International","description":"En nog een WordPress site","potentialAction":[{"@type":"SearchAction","target":{"@type":"EntryPoint","urlTemplate":"https:\/\/pipesurveyinternational.com\/en\/?s={search_term_string}"},"query-input":{"@type":"PropertyValueSpecification","valueRequired":true,"valueName":"search_term_string"}}],"inLanguage":"es"}]}},"_links":{"self":[{"href":"https:\/\/pipesurveyinternational.com\/es\/wp-json\/wp\/v2\/pages\/700","targetHints":{"allow":["GET"]}}],"collection":[{"href":"https:\/\/pipesurveyinternational.com\/es\/wp-json\/wp\/v2\/pages"}],"about":[{"href":"https:\/\/pipesurveyinternational.com\/es\/wp-json\/wp\/v2\/types\/page"}],"author":[{"embeddable":true,"href":"https:\/\/pipesurveyinternational.com\/es\/wp-json\/wp\/v2\/users\/1"}],"replies":[{"embeddable":true,"href":"https:\/\/pipesurveyinternational.com\/es\/wp-json\/wp\/v2\/comments?post=700"}],"version-history":[{"count":2,"href":"https:\/\/pipesurveyinternational.com\/es\/wp-json\/wp\/v2\/pages\/700\/revisions"}],"predecessor-version":[{"id":813,"href":"https:\/\/pipesurveyinternational.com\/es\/wp-json\/wp\/v2\/pages\/700\/revisions\/813"}],"up":[{"embeddable":true,"href":"https:\/\/pipesurveyinternational.com\/es\/wp-json\/wp\/v2\/pages\/715"}],"wp:featuredmedia":[{"embeddable":true,"href":"https:\/\/pipesurveyinternational.com\/es\/wp-json\/wp\/v2\/media\/650"}],"wp:attachment":[{"href":"https:\/\/pipesurveyinternational.com\/es\/wp-json\/wp\/v2\/media?parent=700"}],"curies":[{"name":"wp","href":"https:\/\/api.w.org\/{rel}","templated":true}]}}