{"id":698,"date":"2019-08-13T17:20:57","date_gmt":"2019-08-13T15:20:57","guid":{"rendered":"https:\/\/pipesurveyinternational.com\/?page_id=698"},"modified":"2019-08-14T14:45:41","modified_gmt":"2019-08-14T12:45:41","slug":"geometra","status":"publish","type":"page","link":"https:\/\/pipesurveyinternational.com\/es\/soluciones\/geometra\/","title":{"rendered":"Ge\u00f3metra"},"content":{"rendered":"<p>El ge\u00f3metra de ductos avanzado combina mediciones radiales de alta precisi\u00f3n y multi-canal con medici\u00f3n 3D inercial para proporcionar datos \u00fatiles sobre la integridad estructural del ducto. Cada equipo ge\u00f3metra est\u00e1 equipado con un registrador de datos que registra el comportamiento din\u00e1mico, aceleraci\u00f3n y rotaci\u00f3n. Pipesurvey ha desarrollado un programa DATsurvey\u00ae potente y f\u00e1cil de usar para el usuario. Con esta herramienta diagn\u00f3stica, el operador puede revisar abolladuras, dobleces, ovalidades, arrugas, curvaturas, tramos libres, dep\u00f3sitos en cualquier escala, distancia o posici\u00f3n horaria y desde cualquier perspectiva que desee.<\/p>\n<p>Herramientas actualmente disponibles en tama\u00f1os de 6\u201d a 56\u201d.<\/p>\n","protected":false},"excerpt":{"rendered":"<p>El ge\u00f3metra de ductos avanzado combina mediciones radiales de alta precisi\u00f3n y multi-canal con medici\u00f3n 3D inercial para proporcionar datos \u00fatiles sobre la integridad estructural del ducto. Cada equipo ge\u00f3metra est\u00e1 equipado con un registrador de datos que registra el comportamiento din\u00e1mico, aceleraci\u00f3n y rotaci\u00f3n. Pipesurvey ha desarrollado un programa DATsurvey\u00ae potente y f\u00e1cil de [&hellip;]<\/p>\n","protected":false},"author":1,"featured_media":654,"parent":715,"menu_order":0,"comment_status":"closed","ping_status":"closed","template":"","meta":{"_acf_changed":false,"footnotes":""},"class_list":["post-698","page","type-page","status-publish","has-post-thumbnail","hentry"],"acf":[],"yoast_head":"<!-- This site is optimized with the Yoast SEO plugin v26.8 - https:\/\/yoast.com\/product\/yoast-seo-wordpress\/ -->\n<title>Ge\u00f3metra - Pipesurvey International<\/title>\n<meta name=\"robots\" content=\"index, follow, max-snippet:-1, max-image-preview:large, max-video-preview:-1\" \/>\n<link rel=\"canonical\" href=\"https:\/\/pipesurveyinternational.com\/es\/soluciones\/geometra\/\" \/>\n<meta property=\"og:locale\" content=\"es_ES\" \/>\n<meta property=\"og:type\" content=\"article\" \/>\n<meta property=\"og:title\" content=\"Ge\u00f3metra - Pipesurvey International\" \/>\n<meta property=\"og:description\" content=\"El ge\u00f3metra de ductos avanzado combina mediciones radiales de alta precisi\u00f3n y multi-canal con medici\u00f3n 3D inercial para proporcionar datos \u00fatiles sobre la integridad estructural del ducto. Cada equipo ge\u00f3metra est\u00e1 equipado con un registrador de datos que registra el comportamiento din\u00e1mico, aceleraci\u00f3n y rotaci\u00f3n. Pipesurvey ha desarrollado un programa DATsurvey\u00ae potente y f\u00e1cil de [&hellip;]\" \/>\n<meta property=\"og:url\" content=\"https:\/\/pipesurveyinternational.com\/es\/soluciones\/geometra\/\" \/>\n<meta property=\"og:site_name\" content=\"Pipesurvey International\" \/>\n<meta property=\"article:modified_time\" content=\"2019-08-14T12:45:41+00:00\" \/>\n<meta property=\"og:image\" content=\"https:\/\/pipesurveyinternational.com\/wp-content\/uploads\/2019\/01\/Schermafbeelding-2019-01-08-om-16.42.10-1024x414.png\" \/>\n\t<meta property=\"og:image:width\" content=\"1024\" \/>\n\t<meta property=\"og:image:height\" content=\"414\" \/>\n\t<meta property=\"og:image:type\" content=\"image\/png\" \/>\n<meta name=\"twitter:card\" content=\"summary_large_image\" \/>\n<meta name=\"twitter:label1\" content=\"Tiempo de lectura\" \/>\n\t<meta name=\"twitter:data1\" content=\"1 minuto\" \/>\n<script type=\"application\/ld+json\" class=\"yoast-schema-graph\">{\"@context\":\"https:\/\/schema.org\",\"@graph\":[{\"@type\":\"WebPage\",\"@id\":\"https:\/\/pipesurveyinternational.com\/es\/soluciones\/geometra\/\",\"url\":\"https:\/\/pipesurveyinternational.com\/es\/soluciones\/geometra\/\",\"name\":\"Ge\u00f3metra - Pipesurvey International\",\"isPartOf\":{\"@id\":\"https:\/\/pipesurveyinternational.com\/en\/#website\"},\"primaryImageOfPage\":{\"@id\":\"https:\/\/pipesurveyinternational.com\/es\/soluciones\/geometra\/#primaryimage\"},\"image\":{\"@id\":\"https:\/\/pipesurveyinternational.com\/es\/soluciones\/geometra\/#primaryimage\"},\"thumbnailUrl\":\"https:\/\/pipesurveyinternational.com\/wp-content\/uploads\/2019\/01\/Schermafbeelding-2019-01-08-om-16.42.10.png\",\"datePublished\":\"2019-08-13T15:20:57+00:00\",\"dateModified\":\"2019-08-14T12:45:41+00:00\",\"breadcrumb\":{\"@id\":\"https:\/\/pipesurveyinternational.com\/es\/soluciones\/geometra\/#breadcrumb\"},\"inLanguage\":\"es\",\"potentialAction\":[{\"@type\":\"ReadAction\",\"target\":[\"https:\/\/pipesurveyinternational.com\/es\/soluciones\/geometra\/\"]}]},{\"@type\":\"ImageObject\",\"inLanguage\":\"es\",\"@id\":\"https:\/\/pipesurveyinternational.com\/es\/soluciones\/geometra\/#primaryimage\",\"url\":\"https:\/\/pipesurveyinternational.com\/wp-content\/uploads\/2019\/01\/Schermafbeelding-2019-01-08-om-16.42.10.png\",\"contentUrl\":\"https:\/\/pipesurveyinternational.com\/wp-content\/uploads\/2019\/01\/Schermafbeelding-2019-01-08-om-16.42.10.png\",\"width\":2304,\"height\":932},{\"@type\":\"BreadcrumbList\",\"@id\":\"https:\/\/pipesurveyinternational.com\/es\/soluciones\/geometra\/#breadcrumb\",\"itemListElement\":[{\"@type\":\"ListItem\",\"position\":1,\"name\":\"Home\",\"item\":\"https:\/\/pipesurveyinternational.com\/es\/\"},{\"@type\":\"ListItem\",\"position\":2,\"name\":\"Soluciones\",\"item\":\"https:\/\/pipesurveyinternational.com\/es\/soluciones\/\"},{\"@type\":\"ListItem\",\"position\":3,\"name\":\"Ge\u00f3metra\"}]},{\"@type\":\"WebSite\",\"@id\":\"https:\/\/pipesurveyinternational.com\/en\/#website\",\"url\":\"https:\/\/pipesurveyinternational.com\/en\/\",\"name\":\"Pipesurvey International\",\"description\":\"En nog een WordPress site\",\"potentialAction\":[{\"@type\":\"SearchAction\",\"target\":{\"@type\":\"EntryPoint\",\"urlTemplate\":\"https:\/\/pipesurveyinternational.com\/en\/?s={search_term_string}\"},\"query-input\":{\"@type\":\"PropertyValueSpecification\",\"valueRequired\":true,\"valueName\":\"search_term_string\"}}],\"inLanguage\":\"es\"}]}<\/script>\n<!-- \/ Yoast SEO plugin. -->","yoast_head_json":{"title":"Ge\u00f3metra - Pipesurvey International","robots":{"index":"index","follow":"follow","max-snippet":"max-snippet:-1","max-image-preview":"max-image-preview:large","max-video-preview":"max-video-preview:-1"},"canonical":"https:\/\/pipesurveyinternational.com\/es\/soluciones\/geometra\/","og_locale":"es_ES","og_type":"article","og_title":"Ge\u00f3metra - Pipesurvey International","og_description":"El ge\u00f3metra de ductos avanzado combina mediciones radiales de alta precisi\u00f3n y multi-canal con medici\u00f3n 3D inercial para proporcionar datos \u00fatiles sobre la integridad estructural del ducto. Cada equipo ge\u00f3metra est\u00e1 equipado con un registrador de datos que registra el comportamiento din\u00e1mico, aceleraci\u00f3n y rotaci\u00f3n. Pipesurvey ha desarrollado un programa DATsurvey\u00ae potente y f\u00e1cil de [&hellip;]","og_url":"https:\/\/pipesurveyinternational.com\/es\/soluciones\/geometra\/","og_site_name":"Pipesurvey International","article_modified_time":"2019-08-14T12:45:41+00:00","og_image":[{"width":1024,"height":414,"url":"https:\/\/pipesurveyinternational.com\/wp-content\/uploads\/2019\/01\/Schermafbeelding-2019-01-08-om-16.42.10-1024x414.png","type":"image\/png"}],"twitter_card":"summary_large_image","twitter_misc":{"Tiempo de lectura":"1 minuto"},"schema":{"@context":"https:\/\/schema.org","@graph":[{"@type":"WebPage","@id":"https:\/\/pipesurveyinternational.com\/es\/soluciones\/geometra\/","url":"https:\/\/pipesurveyinternational.com\/es\/soluciones\/geometra\/","name":"Ge\u00f3metra - Pipesurvey International","isPartOf":{"@id":"https:\/\/pipesurveyinternational.com\/en\/#website"},"primaryImageOfPage":{"@id":"https:\/\/pipesurveyinternational.com\/es\/soluciones\/geometra\/#primaryimage"},"image":{"@id":"https:\/\/pipesurveyinternational.com\/es\/soluciones\/geometra\/#primaryimage"},"thumbnailUrl":"https:\/\/pipesurveyinternational.com\/wp-content\/uploads\/2019\/01\/Schermafbeelding-2019-01-08-om-16.42.10.png","datePublished":"2019-08-13T15:20:57+00:00","dateModified":"2019-08-14T12:45:41+00:00","breadcrumb":{"@id":"https:\/\/pipesurveyinternational.com\/es\/soluciones\/geometra\/#breadcrumb"},"inLanguage":"es","potentialAction":[{"@type":"ReadAction","target":["https:\/\/pipesurveyinternational.com\/es\/soluciones\/geometra\/"]}]},{"@type":"ImageObject","inLanguage":"es","@id":"https:\/\/pipesurveyinternational.com\/es\/soluciones\/geometra\/#primaryimage","url":"https:\/\/pipesurveyinternational.com\/wp-content\/uploads\/2019\/01\/Schermafbeelding-2019-01-08-om-16.42.10.png","contentUrl":"https:\/\/pipesurveyinternational.com\/wp-content\/uploads\/2019\/01\/Schermafbeelding-2019-01-08-om-16.42.10.png","width":2304,"height":932},{"@type":"BreadcrumbList","@id":"https:\/\/pipesurveyinternational.com\/es\/soluciones\/geometra\/#breadcrumb","itemListElement":[{"@type":"ListItem","position":1,"name":"Home","item":"https:\/\/pipesurveyinternational.com\/es\/"},{"@type":"ListItem","position":2,"name":"Soluciones","item":"https:\/\/pipesurveyinternational.com\/es\/soluciones\/"},{"@type":"ListItem","position":3,"name":"Ge\u00f3metra"}]},{"@type":"WebSite","@id":"https:\/\/pipesurveyinternational.com\/en\/#website","url":"https:\/\/pipesurveyinternational.com\/en\/","name":"Pipesurvey International","description":"En nog een WordPress site","potentialAction":[{"@type":"SearchAction","target":{"@type":"EntryPoint","urlTemplate":"https:\/\/pipesurveyinternational.com\/en\/?s={search_term_string}"},"query-input":{"@type":"PropertyValueSpecification","valueRequired":true,"valueName":"search_term_string"}}],"inLanguage":"es"}]}},"_links":{"self":[{"href":"https:\/\/pipesurveyinternational.com\/es\/wp-json\/wp\/v2\/pages\/698","targetHints":{"allow":["GET"]}}],"collection":[{"href":"https:\/\/pipesurveyinternational.com\/es\/wp-json\/wp\/v2\/pages"}],"about":[{"href":"https:\/\/pipesurveyinternational.com\/es\/wp-json\/wp\/v2\/types\/page"}],"author":[{"embeddable":true,"href":"https:\/\/pipesurveyinternational.com\/es\/wp-json\/wp\/v2\/users\/1"}],"replies":[{"embeddable":true,"href":"https:\/\/pipesurveyinternational.com\/es\/wp-json\/wp\/v2\/comments?post=698"}],"version-history":[{"count":2,"href":"https:\/\/pipesurveyinternational.com\/es\/wp-json\/wp\/v2\/pages\/698\/revisions"}],"predecessor-version":[{"id":814,"href":"https:\/\/pipesurveyinternational.com\/es\/wp-json\/wp\/v2\/pages\/698\/revisions\/814"}],"up":[{"embeddable":true,"href":"https:\/\/pipesurveyinternational.com\/es\/wp-json\/wp\/v2\/pages\/715"}],"wp:featuredmedia":[{"embeddable":true,"href":"https:\/\/pipesurveyinternational.com\/es\/wp-json\/wp\/v2\/media\/654"}],"wp:attachment":[{"href":"https:\/\/pipesurveyinternational.com\/es\/wp-json\/wp\/v2\/media?parent=698"}],"curies":[{"name":"wp","href":"https:\/\/api.w.org\/{rel}","templated":true}]}}