{"id":695,"date":"2019-08-13T17:18:54","date_gmt":"2019-08-13T15:18:54","guid":{"rendered":"https:\/\/pipesurveyinternational.com\/?page_id=695"},"modified":"2019-08-14T14:36:14","modified_gmt":"2019-08-14T12:36:14","slug":"acerca-de-nosotros","status":"publish","type":"page","link":"https:\/\/pipesurveyinternational.com\/es\/acerca-de-nosotros\/","title":{"rendered":"Acerca de nosotros"},"content":{"rendered":"<p>Pipesurvey International es un proveedor de servicios para inspecci\u00f3n de ductos inteligente e integridad de ductos. Nuestra empresa, siendo flexible y de tama\u00f1o mediano, ha establecido altos est\u00e1ndares para herramientas de inspecci\u00f3n y software precisos y vers\u00e1tiles. La tecnolog\u00eda de Pipesurvey se adapta a las nuevas fronteras de los requisitos de inspecci\u00f3n actuales. Estos incluyen la aplicaci\u00f3n de inspecciones bidireccionales y multidimensionales de ductos en reg\u00edmenes de flujos desafiantes.<\/p>\n<p>EL equipo operacional de Pipesurvey domina operaciones de inspecci\u00f3n complejas con un fuerte control en HSE, planificaci\u00f3n, log\u00edstica, comunicaci\u00f3n y servicio al cliente. Innovar est\u00e1 en el ADN de nuestra empresa. Nuestro equipo de ingenieros j\u00f3venes, din\u00e1micos y h\u00e1biles en las disciplinas de ingenier\u00eda mec\u00e1nica y el\u00e9ctrica, desarrollo de software, tecnolog\u00eda NDT, an\u00e1lisis de datos e integridad de ductos est\u00e1n continuamente comprometidos a nuevos desaf\u00edos.<\/p>\n<p><a href=\"https:\/\/www.youtube.com\/watch?v=yMRBEVAIP6A\">Por favor vea nuestro video corporativo <\/a><\/p>\n<p><em>\u201cIntegridad no es un problema de ductos, integridad es una actitud. Mis ingenieros trabajan concienzuda y diligentemente. Es nuestro compromiso ser puntuales, receptivos y estar a la altura de nuestros acuerdos y compromisos. Nuestros clientes nos han recompensado por ello. Hemos ganado orgullosamente excelentes referencias de las principales compa\u00f1\u00edas de petr\u00f3leo y gas en todo el mundo, tanto en operaciones en tierra como offshore.\u201d<\/em><\/p>\n<p><em>Peter van Beugen, director general<\/em><\/p>\n","protected":false},"excerpt":{"rendered":"<p>Pipesurvey International es un proveedor de servicios para inspecci\u00f3n de ductos inteligente e integridad de ductos. Nuestra empresa, siendo flexible y de tama\u00f1o mediano, ha establecido altos est\u00e1ndares para herramientas de inspecci\u00f3n y software precisos y vers\u00e1tiles. La tecnolog\u00eda de Pipesurvey se adapta a las nuevas fronteras de los requisitos de inspecci\u00f3n actuales. Estos incluyen [&hellip;]<\/p>\n","protected":false},"author":1,"featured_media":661,"parent":0,"menu_order":0,"comment_status":"closed","ping_status":"closed","template":"","meta":{"_acf_changed":false,"footnotes":""},"class_list":["post-695","page","type-page","status-publish","has-post-thumbnail","hentry"],"acf":[],"yoast_head":"<!-- This site is optimized with the Yoast SEO plugin v26.8 - https:\/\/yoast.com\/product\/yoast-seo-wordpress\/ -->\n<title>Acerca de nosotros - Pipesurvey International<\/title>\n<meta name=\"robots\" content=\"index, follow, max-snippet:-1, max-image-preview:large, max-video-preview:-1\" \/>\n<link rel=\"canonical\" href=\"https:\/\/pipesurveyinternational.com\/es\/acerca-de-nosotros\/\" \/>\n<meta property=\"og:locale\" content=\"es_ES\" \/>\n<meta property=\"og:type\" content=\"article\" \/>\n<meta property=\"og:title\" content=\"Acerca de nosotros - Pipesurvey International\" \/>\n<meta property=\"og:description\" content=\"Pipesurvey International es un proveedor de servicios para inspecci\u00f3n de ductos inteligente e integridad de ductos. Nuestra empresa, siendo flexible y de tama\u00f1o mediano, ha establecido altos est\u00e1ndares para herramientas de inspecci\u00f3n y software precisos y vers\u00e1tiles. La tecnolog\u00eda de Pipesurvey se adapta a las nuevas fronteras de los requisitos de inspecci\u00f3n actuales. Estos incluyen [&hellip;]\" \/>\n<meta property=\"og:url\" content=\"https:\/\/pipesurveyinternational.com\/es\/acerca-de-nosotros\/\" \/>\n<meta property=\"og:site_name\" content=\"Pipesurvey International\" \/>\n<meta property=\"article:modified_time\" content=\"2019-08-14T12:36:14+00:00\" \/>\n<meta property=\"og:image\" content=\"https:\/\/pipesurveyinternational.com\/wp-content\/uploads\/2019\/01\/Schermafbeelding-2019-01-08-om-19.41.43-1024x292.png\" \/>\n\t<meta property=\"og:image:width\" content=\"1024\" \/>\n\t<meta property=\"og:image:height\" content=\"292\" \/>\n\t<meta property=\"og:image:type\" content=\"image\/png\" \/>\n<meta name=\"twitter:card\" content=\"summary_large_image\" \/>\n<meta name=\"twitter:label1\" content=\"Tiempo de lectura\" \/>\n\t<meta name=\"twitter:data1\" content=\"1 minuto\" \/>\n<script type=\"application\/ld+json\" class=\"yoast-schema-graph\">{\"@context\":\"https:\/\/schema.org\",\"@graph\":[{\"@type\":\"WebPage\",\"@id\":\"https:\/\/pipesurveyinternational.com\/es\/acerca-de-nosotros\/\",\"url\":\"https:\/\/pipesurveyinternational.com\/es\/acerca-de-nosotros\/\",\"name\":\"Acerca de nosotros - Pipesurvey International\",\"isPartOf\":{\"@id\":\"https:\/\/pipesurveyinternational.com\/en\/#website\"},\"primaryImageOfPage\":{\"@id\":\"https:\/\/pipesurveyinternational.com\/es\/acerca-de-nosotros\/#primaryimage\"},\"image\":{\"@id\":\"https:\/\/pipesurveyinternational.com\/es\/acerca-de-nosotros\/#primaryimage\"},\"thumbnailUrl\":\"https:\/\/pipesurveyinternational.com\/wp-content\/uploads\/2019\/01\/Schermafbeelding-2019-01-08-om-19.41.43.png\",\"datePublished\":\"2019-08-13T15:18:54+00:00\",\"dateModified\":\"2019-08-14T12:36:14+00:00\",\"breadcrumb\":{\"@id\":\"https:\/\/pipesurveyinternational.com\/es\/acerca-de-nosotros\/#breadcrumb\"},\"inLanguage\":\"es\",\"potentialAction\":[{\"@type\":\"ReadAction\",\"target\":[\"https:\/\/pipesurveyinternational.com\/es\/acerca-de-nosotros\/\"]}]},{\"@type\":\"ImageObject\",\"inLanguage\":\"es\",\"@id\":\"https:\/\/pipesurveyinternational.com\/es\/acerca-de-nosotros\/#primaryimage\",\"url\":\"https:\/\/pipesurveyinternational.com\/wp-content\/uploads\/2019\/01\/Schermafbeelding-2019-01-08-om-19.41.43.png\",\"contentUrl\":\"https:\/\/pipesurveyinternational.com\/wp-content\/uploads\/2019\/01\/Schermafbeelding-2019-01-08-om-19.41.43.png\",\"width\":3250,\"height\":926},{\"@type\":\"BreadcrumbList\",\"@id\":\"https:\/\/pipesurveyinternational.com\/es\/acerca-de-nosotros\/#breadcrumb\",\"itemListElement\":[{\"@type\":\"ListItem\",\"position\":1,\"name\":\"Home\",\"item\":\"https:\/\/pipesurveyinternational.com\/es\/\"},{\"@type\":\"ListItem\",\"position\":2,\"name\":\"Acerca de nosotros\"}]},{\"@type\":\"WebSite\",\"@id\":\"https:\/\/pipesurveyinternational.com\/en\/#website\",\"url\":\"https:\/\/pipesurveyinternational.com\/en\/\",\"name\":\"Pipesurvey International\",\"description\":\"En nog een WordPress site\",\"potentialAction\":[{\"@type\":\"SearchAction\",\"target\":{\"@type\":\"EntryPoint\",\"urlTemplate\":\"https:\/\/pipesurveyinternational.com\/en\/?s={search_term_string}\"},\"query-input\":{\"@type\":\"PropertyValueSpecification\",\"valueRequired\":true,\"valueName\":\"search_term_string\"}}],\"inLanguage\":\"es\"}]}<\/script>\n<!-- \/ Yoast SEO plugin. -->","yoast_head_json":{"title":"Acerca de nosotros - Pipesurvey International","robots":{"index":"index","follow":"follow","max-snippet":"max-snippet:-1","max-image-preview":"max-image-preview:large","max-video-preview":"max-video-preview:-1"},"canonical":"https:\/\/pipesurveyinternational.com\/es\/acerca-de-nosotros\/","og_locale":"es_ES","og_type":"article","og_title":"Acerca de nosotros - Pipesurvey International","og_description":"Pipesurvey International es un proveedor de servicios para inspecci\u00f3n de ductos inteligente e integridad de ductos. Nuestra empresa, siendo flexible y de tama\u00f1o mediano, ha establecido altos est\u00e1ndares para herramientas de inspecci\u00f3n y software precisos y vers\u00e1tiles. La tecnolog\u00eda de Pipesurvey se adapta a las nuevas fronteras de los requisitos de inspecci\u00f3n actuales. Estos incluyen [&hellip;]","og_url":"https:\/\/pipesurveyinternational.com\/es\/acerca-de-nosotros\/","og_site_name":"Pipesurvey International","article_modified_time":"2019-08-14T12:36:14+00:00","og_image":[{"width":1024,"height":292,"url":"https:\/\/pipesurveyinternational.com\/wp-content\/uploads\/2019\/01\/Schermafbeelding-2019-01-08-om-19.41.43-1024x292.png","type":"image\/png"}],"twitter_card":"summary_large_image","twitter_misc":{"Tiempo de lectura":"1 minuto"},"schema":{"@context":"https:\/\/schema.org","@graph":[{"@type":"WebPage","@id":"https:\/\/pipesurveyinternational.com\/es\/acerca-de-nosotros\/","url":"https:\/\/pipesurveyinternational.com\/es\/acerca-de-nosotros\/","name":"Acerca de nosotros - Pipesurvey International","isPartOf":{"@id":"https:\/\/pipesurveyinternational.com\/en\/#website"},"primaryImageOfPage":{"@id":"https:\/\/pipesurveyinternational.com\/es\/acerca-de-nosotros\/#primaryimage"},"image":{"@id":"https:\/\/pipesurveyinternational.com\/es\/acerca-de-nosotros\/#primaryimage"},"thumbnailUrl":"https:\/\/pipesurveyinternational.com\/wp-content\/uploads\/2019\/01\/Schermafbeelding-2019-01-08-om-19.41.43.png","datePublished":"2019-08-13T15:18:54+00:00","dateModified":"2019-08-14T12:36:14+00:00","breadcrumb":{"@id":"https:\/\/pipesurveyinternational.com\/es\/acerca-de-nosotros\/#breadcrumb"},"inLanguage":"es","potentialAction":[{"@type":"ReadAction","target":["https:\/\/pipesurveyinternational.com\/es\/acerca-de-nosotros\/"]}]},{"@type":"ImageObject","inLanguage":"es","@id":"https:\/\/pipesurveyinternational.com\/es\/acerca-de-nosotros\/#primaryimage","url":"https:\/\/pipesurveyinternational.com\/wp-content\/uploads\/2019\/01\/Schermafbeelding-2019-01-08-om-19.41.43.png","contentUrl":"https:\/\/pipesurveyinternational.com\/wp-content\/uploads\/2019\/01\/Schermafbeelding-2019-01-08-om-19.41.43.png","width":3250,"height":926},{"@type":"BreadcrumbList","@id":"https:\/\/pipesurveyinternational.com\/es\/acerca-de-nosotros\/#breadcrumb","itemListElement":[{"@type":"ListItem","position":1,"name":"Home","item":"https:\/\/pipesurveyinternational.com\/es\/"},{"@type":"ListItem","position":2,"name":"Acerca de nosotros"}]},{"@type":"WebSite","@id":"https:\/\/pipesurveyinternational.com\/en\/#website","url":"https:\/\/pipesurveyinternational.com\/en\/","name":"Pipesurvey International","description":"En nog een WordPress site","potentialAction":[{"@type":"SearchAction","target":{"@type":"EntryPoint","urlTemplate":"https:\/\/pipesurveyinternational.com\/en\/?s={search_term_string}"},"query-input":{"@type":"PropertyValueSpecification","valueRequired":true,"valueName":"search_term_string"}}],"inLanguage":"es"}]}},"_links":{"self":[{"href":"https:\/\/pipesurveyinternational.com\/es\/wp-json\/wp\/v2\/pages\/695","targetHints":{"allow":["GET"]}}],"collection":[{"href":"https:\/\/pipesurveyinternational.com\/es\/wp-json\/wp\/v2\/pages"}],"about":[{"href":"https:\/\/pipesurveyinternational.com\/es\/wp-json\/wp\/v2\/types\/page"}],"author":[{"embeddable":true,"href":"https:\/\/pipesurveyinternational.com\/es\/wp-json\/wp\/v2\/users\/1"}],"replies":[{"embeddable":true,"href":"https:\/\/pipesurveyinternational.com\/es\/wp-json\/wp\/v2\/comments?post=695"}],"version-history":[{"count":3,"href":"https:\/\/pipesurveyinternational.com\/es\/wp-json\/wp\/v2\/pages\/695\/revisions"}],"predecessor-version":[{"id":808,"href":"https:\/\/pipesurveyinternational.com\/es\/wp-json\/wp\/v2\/pages\/695\/revisions\/808"}],"wp:featuredmedia":[{"embeddable":true,"href":"https:\/\/pipesurveyinternational.com\/es\/wp-json\/wp\/v2\/media\/661"}],"wp:attachment":[{"href":"https:\/\/pipesurveyinternational.com\/es\/wp-json\/wp\/v2\/media?parent=695"}],"curies":[{"name":"wp","href":"https:\/\/api.w.org\/{rel}","templated":true}]}}