{"id":693,"date":"2019-08-13T17:16:18","date_gmt":"2019-08-13T15:16:18","guid":{"rendered":"https:\/\/pipesurveyinternational.com\/?page_id=693"},"modified":"2019-08-14T14:42:08","modified_gmt":"2019-08-14T12:42:08","slug":"corrosion","status":"publish","type":"page","link":"https:\/\/pipesurveyinternational.com\/es\/soluciones\/corrosion\/","title":{"rendered":"Corrosi\u00f3n"},"content":{"rendered":"<h2>Tecnolog\u00eda MFL y C-MFL<\/h2>\n<p>MFL y C-MFL, herramientas con resoluci\u00f3n XHR, son usadas en ductos de gas y l\u00edquidos para evaluar el espesor de pared y p\u00e9rdida de metal. Las herramientas de inspecci\u00f3n magn\u00e9ticas de Pipesurvey usan la m\u00e1s alta resoluci\u00f3n alcanzable en sensores triaxiales para determinar precisamente las dimensiones de la p\u00e9rdida de metal. Las herramientas proporcionan una estructura de sensores sin espacios para una cobertura completa de la pared. El dise\u00f1o de los sensores ofrece flexibilidad para escanear la soldadura y la zona afectada por calor lo m\u00e1s preciso posible. Las herramientas son de baja fricci\u00f3n, cuentan con soporte de ruedas, son flexibles, bidireccionales y est\u00e1n hechas para los desaf\u00edos tanto para los ductos inspeccionables y los no inspeccionables. Todas las herramientas pasan por una reducci\u00f3n del 25% del di\u00e1metro y por un radio de curvatura de 1.5D. Las herramientas MFL de Pipesurvey International han sido exitosamente aplicadas en l\u00edneas de transmisi\u00f3n, l\u00edneas en plantas de tanque, risers y l\u00edneas de flujo.<\/p>\n<p>La tecnolog\u00eda MFL regular o axial despliega un campo magn\u00e9tico orientado axialmente y es com\u00fanmente usado para detectar todo tipo de anomal\u00edas del ducto como corrosi\u00f3n general, picaduras, p\u00e9rdida de metal puntual, estriado y muesca circunferencial, as\u00ed como tambi\u00e9n estriado y muesca axial. Sin embargo, cuando el enfoque es en defectos orientados axialmente, la herramienta C-MFL ofrece la perfecta soluci\u00f3n. Le herramienta C-MFL despliega un campo magn\u00e9tico circunferencialmente orientado y detectar\u00e1 y dimensionar\u00e1 precisamente los defectos orientados axialmente, tipos de grieta y defectos asociados con soldadura longitudinal.<\/p>\n<p>Herramientas actualmente disponibles en tama\u00f1os de 6\u201d a 56\u201d.<\/p>\n","protected":false},"excerpt":{"rendered":"<p>Tecnolog\u00eda MFL y C-MFL MFL y C-MFL, herramientas con resoluci\u00f3n XHR, son usadas en ductos de gas y l\u00edquidos para evaluar el espesor de pared y p\u00e9rdida de metal. Las herramientas de inspecci\u00f3n magn\u00e9ticas de Pipesurvey usan la m\u00e1s alta resoluci\u00f3n alcanzable en sensores triaxiales para determinar precisamente las dimensiones de la p\u00e9rdida de metal. [&hellip;]<\/p>\n","protected":false},"author":1,"featured_media":647,"parent":715,"menu_order":0,"comment_status":"closed","ping_status":"closed","template":"","meta":{"_acf_changed":false,"footnotes":""},"class_list":["post-693","page","type-page","status-publish","has-post-thumbnail","hentry"],"acf":[],"yoast_head":"<!-- This site is optimized with the Yoast SEO plugin v26.8 - https:\/\/yoast.com\/product\/yoast-seo-wordpress\/ -->\n<title>Corrosi\u00f3n - Pipesurvey International<\/title>\n<meta name=\"robots\" content=\"index, follow, max-snippet:-1, max-image-preview:large, max-video-preview:-1\" \/>\n<link rel=\"canonical\" href=\"https:\/\/pipesurveyinternational.com\/es\/soluciones\/corrosion\/\" \/>\n<meta property=\"og:locale\" content=\"es_ES\" \/>\n<meta property=\"og:type\" content=\"article\" \/>\n<meta property=\"og:title\" content=\"Corrosi\u00f3n - Pipesurvey International\" \/>\n<meta property=\"og:description\" content=\"Tecnolog\u00eda MFL y C-MFL MFL y C-MFL, herramientas con resoluci\u00f3n XHR, son usadas en ductos de gas y l\u00edquidos para evaluar el espesor de pared y p\u00e9rdida de metal. Las herramientas de inspecci\u00f3n magn\u00e9ticas de Pipesurvey usan la m\u00e1s alta resoluci\u00f3n alcanzable en sensores triaxiales para determinar precisamente las dimensiones de la p\u00e9rdida de metal. [&hellip;]\" \/>\n<meta property=\"og:url\" content=\"https:\/\/pipesurveyinternational.com\/es\/soluciones\/corrosion\/\" \/>\n<meta property=\"og:site_name\" content=\"Pipesurvey International\" \/>\n<meta property=\"article:modified_time\" content=\"2019-08-14T12:42:08+00:00\" \/>\n<meta property=\"og:image\" content=\"https:\/\/pipesurveyinternational.com\/wp-content\/uploads\/2019\/01\/CORROSION-1024x576.png\" \/>\n\t<meta property=\"og:image:width\" content=\"1024\" \/>\n\t<meta property=\"og:image:height\" content=\"576\" \/>\n\t<meta property=\"og:image:type\" content=\"image\/png\" \/>\n<meta name=\"twitter:card\" content=\"summary_large_image\" \/>\n<meta name=\"twitter:label1\" content=\"Tiempo de lectura\" \/>\n\t<meta name=\"twitter:data1\" content=\"1 minuto\" \/>\n<script type=\"application\/ld+json\" class=\"yoast-schema-graph\">{\"@context\":\"https:\/\/schema.org\",\"@graph\":[{\"@type\":\"WebPage\",\"@id\":\"https:\/\/pipesurveyinternational.com\/es\/soluciones\/corrosion\/\",\"url\":\"https:\/\/pipesurveyinternational.com\/es\/soluciones\/corrosion\/\",\"name\":\"Corrosi\u00f3n - Pipesurvey International\",\"isPartOf\":{\"@id\":\"https:\/\/pipesurveyinternational.com\/en\/#website\"},\"primaryImageOfPage\":{\"@id\":\"https:\/\/pipesurveyinternational.com\/es\/soluciones\/corrosion\/#primaryimage\"},\"image\":{\"@id\":\"https:\/\/pipesurveyinternational.com\/es\/soluciones\/corrosion\/#primaryimage\"},\"thumbnailUrl\":\"https:\/\/pipesurveyinternational.com\/wp-content\/uploads\/2019\/01\/CORROSION.png\",\"datePublished\":\"2019-08-13T15:16:18+00:00\",\"dateModified\":\"2019-08-14T12:42:08+00:00\",\"breadcrumb\":{\"@id\":\"https:\/\/pipesurveyinternational.com\/es\/soluciones\/corrosion\/#breadcrumb\"},\"inLanguage\":\"es\",\"potentialAction\":[{\"@type\":\"ReadAction\",\"target\":[\"https:\/\/pipesurveyinternational.com\/es\/soluciones\/corrosion\/\"]}]},{\"@type\":\"ImageObject\",\"inLanguage\":\"es\",\"@id\":\"https:\/\/pipesurveyinternational.com\/es\/soluciones\/corrosion\/#primaryimage\",\"url\":\"https:\/\/pipesurveyinternational.com\/wp-content\/uploads\/2019\/01\/CORROSION.png\",\"contentUrl\":\"https:\/\/pipesurveyinternational.com\/wp-content\/uploads\/2019\/01\/CORROSION.png\",\"width\":3256,\"height\":1832},{\"@type\":\"BreadcrumbList\",\"@id\":\"https:\/\/pipesurveyinternational.com\/es\/soluciones\/corrosion\/#breadcrumb\",\"itemListElement\":[{\"@type\":\"ListItem\",\"position\":1,\"name\":\"Home\",\"item\":\"https:\/\/pipesurveyinternational.com\/es\/\"},{\"@type\":\"ListItem\",\"position\":2,\"name\":\"Soluciones\",\"item\":\"https:\/\/pipesurveyinternational.com\/es\/soluciones\/\"},{\"@type\":\"ListItem\",\"position\":3,\"name\":\"Corrosi\u00f3n\"}]},{\"@type\":\"WebSite\",\"@id\":\"https:\/\/pipesurveyinternational.com\/en\/#website\",\"url\":\"https:\/\/pipesurveyinternational.com\/en\/\",\"name\":\"Pipesurvey International\",\"description\":\"En nog een WordPress site\",\"potentialAction\":[{\"@type\":\"SearchAction\",\"target\":{\"@type\":\"EntryPoint\",\"urlTemplate\":\"https:\/\/pipesurveyinternational.com\/en\/?s={search_term_string}\"},\"query-input\":{\"@type\":\"PropertyValueSpecification\",\"valueRequired\":true,\"valueName\":\"search_term_string\"}}],\"inLanguage\":\"es\"}]}<\/script>\n<!-- \/ Yoast SEO plugin. -->","yoast_head_json":{"title":"Corrosi\u00f3n - Pipesurvey International","robots":{"index":"index","follow":"follow","max-snippet":"max-snippet:-1","max-image-preview":"max-image-preview:large","max-video-preview":"max-video-preview:-1"},"canonical":"https:\/\/pipesurveyinternational.com\/es\/soluciones\/corrosion\/","og_locale":"es_ES","og_type":"article","og_title":"Corrosi\u00f3n - Pipesurvey International","og_description":"Tecnolog\u00eda MFL y C-MFL MFL y C-MFL, herramientas con resoluci\u00f3n XHR, son usadas en ductos de gas y l\u00edquidos para evaluar el espesor de pared y p\u00e9rdida de metal. Las herramientas de inspecci\u00f3n magn\u00e9ticas de Pipesurvey usan la m\u00e1s alta resoluci\u00f3n alcanzable en sensores triaxiales para determinar precisamente las dimensiones de la p\u00e9rdida de metal. [&hellip;]","og_url":"https:\/\/pipesurveyinternational.com\/es\/soluciones\/corrosion\/","og_site_name":"Pipesurvey International","article_modified_time":"2019-08-14T12:42:08+00:00","og_image":[{"width":1024,"height":576,"url":"https:\/\/pipesurveyinternational.com\/wp-content\/uploads\/2019\/01\/CORROSION-1024x576.png","type":"image\/png"}],"twitter_card":"summary_large_image","twitter_misc":{"Tiempo de lectura":"1 minuto"},"schema":{"@context":"https:\/\/schema.org","@graph":[{"@type":"WebPage","@id":"https:\/\/pipesurveyinternational.com\/es\/soluciones\/corrosion\/","url":"https:\/\/pipesurveyinternational.com\/es\/soluciones\/corrosion\/","name":"Corrosi\u00f3n - Pipesurvey International","isPartOf":{"@id":"https:\/\/pipesurveyinternational.com\/en\/#website"},"primaryImageOfPage":{"@id":"https:\/\/pipesurveyinternational.com\/es\/soluciones\/corrosion\/#primaryimage"},"image":{"@id":"https:\/\/pipesurveyinternational.com\/es\/soluciones\/corrosion\/#primaryimage"},"thumbnailUrl":"https:\/\/pipesurveyinternational.com\/wp-content\/uploads\/2019\/01\/CORROSION.png","datePublished":"2019-08-13T15:16:18+00:00","dateModified":"2019-08-14T12:42:08+00:00","breadcrumb":{"@id":"https:\/\/pipesurveyinternational.com\/es\/soluciones\/corrosion\/#breadcrumb"},"inLanguage":"es","potentialAction":[{"@type":"ReadAction","target":["https:\/\/pipesurveyinternational.com\/es\/soluciones\/corrosion\/"]}]},{"@type":"ImageObject","inLanguage":"es","@id":"https:\/\/pipesurveyinternational.com\/es\/soluciones\/corrosion\/#primaryimage","url":"https:\/\/pipesurveyinternational.com\/wp-content\/uploads\/2019\/01\/CORROSION.png","contentUrl":"https:\/\/pipesurveyinternational.com\/wp-content\/uploads\/2019\/01\/CORROSION.png","width":3256,"height":1832},{"@type":"BreadcrumbList","@id":"https:\/\/pipesurveyinternational.com\/es\/soluciones\/corrosion\/#breadcrumb","itemListElement":[{"@type":"ListItem","position":1,"name":"Home","item":"https:\/\/pipesurveyinternational.com\/es\/"},{"@type":"ListItem","position":2,"name":"Soluciones","item":"https:\/\/pipesurveyinternational.com\/es\/soluciones\/"},{"@type":"ListItem","position":3,"name":"Corrosi\u00f3n"}]},{"@type":"WebSite","@id":"https:\/\/pipesurveyinternational.com\/en\/#website","url":"https:\/\/pipesurveyinternational.com\/en\/","name":"Pipesurvey International","description":"En nog een WordPress site","potentialAction":[{"@type":"SearchAction","target":{"@type":"EntryPoint","urlTemplate":"https:\/\/pipesurveyinternational.com\/en\/?s={search_term_string}"},"query-input":{"@type":"PropertyValueSpecification","valueRequired":true,"valueName":"search_term_string"}}],"inLanguage":"es"}]}},"_links":{"self":[{"href":"https:\/\/pipesurveyinternational.com\/es\/wp-json\/wp\/v2\/pages\/693","targetHints":{"allow":["GET"]}}],"collection":[{"href":"https:\/\/pipesurveyinternational.com\/es\/wp-json\/wp\/v2\/pages"}],"about":[{"href":"https:\/\/pipesurveyinternational.com\/es\/wp-json\/wp\/v2\/types\/page"}],"author":[{"embeddable":true,"href":"https:\/\/pipesurveyinternational.com\/es\/wp-json\/wp\/v2\/users\/1"}],"replies":[{"embeddable":true,"href":"https:\/\/pipesurveyinternational.com\/es\/wp-json\/wp\/v2\/comments?post=693"}],"version-history":[{"count":2,"href":"https:\/\/pipesurveyinternational.com\/es\/wp-json\/wp\/v2\/pages\/693\/revisions"}],"predecessor-version":[{"id":812,"href":"https:\/\/pipesurveyinternational.com\/es\/wp-json\/wp\/v2\/pages\/693\/revisions\/812"}],"up":[{"embeddable":true,"href":"https:\/\/pipesurveyinternational.com\/es\/wp-json\/wp\/v2\/pages\/715"}],"wp:featuredmedia":[{"embeddable":true,"href":"https:\/\/pipesurveyinternational.com\/es\/wp-json\/wp\/v2\/media\/647"}],"wp:attachment":[{"href":"https:\/\/pipesurveyinternational.com\/es\/wp-json\/wp\/v2\/media?parent=693"}],"curies":[{"name":"wp","href":"https:\/\/api.w.org\/{rel}","templated":true}]}}