{"id":691,"date":"2019-08-13T17:15:28","date_gmt":"2019-08-13T15:15:28","guid":{"rendered":"https:\/\/pipesurveyinternational.com\/?page_id=691"},"modified":"2019-08-14T14:40:05","modified_gmt":"2019-08-14T12:40:05","slug":"camara","status":"publish","type":"page","link":"https:\/\/pipesurveyinternational.com\/es\/soluciones\/camara\/","title":{"rendered":"C\u00e1mara"},"content":{"rendered":"<p>\u2018Y si pudi\u00e9ramos echar un vistazo por dentro?\u2019 \u00a1Con las herramientas de c\u00e1mara de Pipesurvey International es posible!<\/p>\n<p>Las herramientas con c\u00e1mara son aut\u00f3nomas, dispositivos que nadan solos los cuales ofrecen una inspecci\u00f3n visual de cobertura total del ducto. Las herramientas son usadas para evaluar caracter\u00edsticas como<\/p>\n<ul>\n<li>recubrimiento interno<\/li>\n<li>da\u00f1os<\/li>\n<li>v\u00e1lvulas<\/li>\n<li>barras T<\/li>\n<li>contaminaci\u00f3n<\/li>\n<li>corrosi\u00f3n<\/li>\n<\/ul>\n<p>No se requiere umbilical y se pueden inspeccionar ductos sin limitaci\u00f3n de longitud.<\/p>\n<p>Herramientas actualmente disponibles en tama\u00f1os de 8\u201d y mayores. Los datos de inspecci\u00f3n pueden ser integrados en el software DATsurvey\u00ae y ser sincronizados con datos ILI.<\/p>\n","protected":false},"excerpt":{"rendered":"<p>\u2018Y si pudi\u00e9ramos echar un vistazo por dentro?\u2019 \u00a1Con las herramientas de c\u00e1mara de Pipesurvey International es posible! Las herramientas con c\u00e1mara son aut\u00f3nomas, dispositivos que nadan solos los cuales ofrecen una inspecci\u00f3n visual de cobertura total del ducto. Las herramientas son usadas para evaluar caracter\u00edsticas como recubrimiento interno da\u00f1os v\u00e1lvulas barras T contaminaci\u00f3n corrosi\u00f3n [&hellip;]<\/p>\n","protected":false},"author":1,"featured_media":646,"parent":715,"menu_order":0,"comment_status":"closed","ping_status":"closed","template":"","meta":{"_acf_changed":false,"footnotes":""},"class_list":["post-691","page","type-page","status-publish","has-post-thumbnail","hentry"],"acf":[],"yoast_head":"<!-- This site is optimized with the Yoast SEO plugin v26.8 - https:\/\/yoast.com\/product\/yoast-seo-wordpress\/ -->\n<title>C\u00e1mara - Pipesurvey International<\/title>\n<meta name=\"robots\" content=\"index, follow, max-snippet:-1, max-image-preview:large, max-video-preview:-1\" \/>\n<link rel=\"canonical\" href=\"https:\/\/pipesurveyinternational.com\/es\/soluciones\/camara\/\" \/>\n<meta property=\"og:locale\" content=\"es_ES\" \/>\n<meta property=\"og:type\" content=\"article\" \/>\n<meta property=\"og:title\" content=\"C\u00e1mara - Pipesurvey International\" \/>\n<meta property=\"og:description\" content=\"\u2018Y si pudi\u00e9ramos echar un vistazo por dentro?\u2019 \u00a1Con las herramientas de c\u00e1mara de Pipesurvey International es posible! Las herramientas con c\u00e1mara son aut\u00f3nomas, dispositivos que nadan solos los cuales ofrecen una inspecci\u00f3n visual de cobertura total del ducto. Las herramientas son usadas para evaluar caracter\u00edsticas como recubrimiento interno da\u00f1os v\u00e1lvulas barras T contaminaci\u00f3n corrosi\u00f3n [&hellip;]\" \/>\n<meta property=\"og:url\" content=\"https:\/\/pipesurveyinternational.com\/es\/soluciones\/camara\/\" \/>\n<meta property=\"og:site_name\" content=\"Pipesurvey International\" \/>\n<meta property=\"article:modified_time\" content=\"2019-08-14T12:40:05+00:00\" \/>\n<meta property=\"og:image\" content=\"https:\/\/pipesurveyinternational.com\/wp-content\/uploads\/2019\/01\/Schermafbeelding-2019-01-08-om-12.10.17-1024x271.png\" \/>\n\t<meta property=\"og:image:width\" content=\"1024\" \/>\n\t<meta property=\"og:image:height\" content=\"271\" \/>\n\t<meta property=\"og:image:type\" content=\"image\/png\" \/>\n<meta name=\"twitter:card\" content=\"summary_large_image\" \/>\n<meta name=\"twitter:label1\" content=\"Tiempo de lectura\" \/>\n\t<meta name=\"twitter:data1\" content=\"1 minuto\" \/>\n<script type=\"application\/ld+json\" class=\"yoast-schema-graph\">{\"@context\":\"https:\/\/schema.org\",\"@graph\":[{\"@type\":\"WebPage\",\"@id\":\"https:\/\/pipesurveyinternational.com\/es\/soluciones\/camara\/\",\"url\":\"https:\/\/pipesurveyinternational.com\/es\/soluciones\/camara\/\",\"name\":\"C\u00e1mara - Pipesurvey International\",\"isPartOf\":{\"@id\":\"https:\/\/pipesurveyinternational.com\/en\/#website\"},\"primaryImageOfPage\":{\"@id\":\"https:\/\/pipesurveyinternational.com\/es\/soluciones\/camara\/#primaryimage\"},\"image\":{\"@id\":\"https:\/\/pipesurveyinternational.com\/es\/soluciones\/camara\/#primaryimage\"},\"thumbnailUrl\":\"https:\/\/pipesurveyinternational.com\/wp-content\/uploads\/2019\/01\/Schermafbeelding-2019-01-08-om-12.10.17.png\",\"datePublished\":\"2019-08-13T15:15:28+00:00\",\"dateModified\":\"2019-08-14T12:40:05+00:00\",\"breadcrumb\":{\"@id\":\"https:\/\/pipesurveyinternational.com\/es\/soluciones\/camara\/#breadcrumb\"},\"inLanguage\":\"es\",\"potentialAction\":[{\"@type\":\"ReadAction\",\"target\":[\"https:\/\/pipesurveyinternational.com\/es\/soluciones\/camara\/\"]}]},{\"@type\":\"ImageObject\",\"inLanguage\":\"es\",\"@id\":\"https:\/\/pipesurveyinternational.com\/es\/soluciones\/camara\/#primaryimage\",\"url\":\"https:\/\/pipesurveyinternational.com\/wp-content\/uploads\/2019\/01\/Schermafbeelding-2019-01-08-om-12.10.17.png\",\"contentUrl\":\"https:\/\/pipesurveyinternational.com\/wp-content\/uploads\/2019\/01\/Schermafbeelding-2019-01-08-om-12.10.17.png\",\"width\":2764,\"height\":732},{\"@type\":\"BreadcrumbList\",\"@id\":\"https:\/\/pipesurveyinternational.com\/es\/soluciones\/camara\/#breadcrumb\",\"itemListElement\":[{\"@type\":\"ListItem\",\"position\":1,\"name\":\"Home\",\"item\":\"https:\/\/pipesurveyinternational.com\/es\/\"},{\"@type\":\"ListItem\",\"position\":2,\"name\":\"Soluciones\",\"item\":\"https:\/\/pipesurveyinternational.com\/es\/soluciones\/\"},{\"@type\":\"ListItem\",\"position\":3,\"name\":\"C\u00e1mara\"}]},{\"@type\":\"WebSite\",\"@id\":\"https:\/\/pipesurveyinternational.com\/en\/#website\",\"url\":\"https:\/\/pipesurveyinternational.com\/en\/\",\"name\":\"Pipesurvey International\",\"description\":\"En nog een WordPress site\",\"potentialAction\":[{\"@type\":\"SearchAction\",\"target\":{\"@type\":\"EntryPoint\",\"urlTemplate\":\"https:\/\/pipesurveyinternational.com\/en\/?s={search_term_string}\"},\"query-input\":{\"@type\":\"PropertyValueSpecification\",\"valueRequired\":true,\"valueName\":\"search_term_string\"}}],\"inLanguage\":\"es\"}]}<\/script>\n<!-- \/ Yoast SEO plugin. -->","yoast_head_json":{"title":"C\u00e1mara - Pipesurvey International","robots":{"index":"index","follow":"follow","max-snippet":"max-snippet:-1","max-image-preview":"max-image-preview:large","max-video-preview":"max-video-preview:-1"},"canonical":"https:\/\/pipesurveyinternational.com\/es\/soluciones\/camara\/","og_locale":"es_ES","og_type":"article","og_title":"C\u00e1mara - Pipesurvey International","og_description":"\u2018Y si pudi\u00e9ramos echar un vistazo por dentro?\u2019 \u00a1Con las herramientas de c\u00e1mara de Pipesurvey International es posible! Las herramientas con c\u00e1mara son aut\u00f3nomas, dispositivos que nadan solos los cuales ofrecen una inspecci\u00f3n visual de cobertura total del ducto. Las herramientas son usadas para evaluar caracter\u00edsticas como recubrimiento interno da\u00f1os v\u00e1lvulas barras T contaminaci\u00f3n corrosi\u00f3n [&hellip;]","og_url":"https:\/\/pipesurveyinternational.com\/es\/soluciones\/camara\/","og_site_name":"Pipesurvey International","article_modified_time":"2019-08-14T12:40:05+00:00","og_image":[{"width":1024,"height":271,"url":"https:\/\/pipesurveyinternational.com\/wp-content\/uploads\/2019\/01\/Schermafbeelding-2019-01-08-om-12.10.17-1024x271.png","type":"image\/png"}],"twitter_card":"summary_large_image","twitter_misc":{"Tiempo de lectura":"1 minuto"},"schema":{"@context":"https:\/\/schema.org","@graph":[{"@type":"WebPage","@id":"https:\/\/pipesurveyinternational.com\/es\/soluciones\/camara\/","url":"https:\/\/pipesurveyinternational.com\/es\/soluciones\/camara\/","name":"C\u00e1mara - Pipesurvey International","isPartOf":{"@id":"https:\/\/pipesurveyinternational.com\/en\/#website"},"primaryImageOfPage":{"@id":"https:\/\/pipesurveyinternational.com\/es\/soluciones\/camara\/#primaryimage"},"image":{"@id":"https:\/\/pipesurveyinternational.com\/es\/soluciones\/camara\/#primaryimage"},"thumbnailUrl":"https:\/\/pipesurveyinternational.com\/wp-content\/uploads\/2019\/01\/Schermafbeelding-2019-01-08-om-12.10.17.png","datePublished":"2019-08-13T15:15:28+00:00","dateModified":"2019-08-14T12:40:05+00:00","breadcrumb":{"@id":"https:\/\/pipesurveyinternational.com\/es\/soluciones\/camara\/#breadcrumb"},"inLanguage":"es","potentialAction":[{"@type":"ReadAction","target":["https:\/\/pipesurveyinternational.com\/es\/soluciones\/camara\/"]}]},{"@type":"ImageObject","inLanguage":"es","@id":"https:\/\/pipesurveyinternational.com\/es\/soluciones\/camara\/#primaryimage","url":"https:\/\/pipesurveyinternational.com\/wp-content\/uploads\/2019\/01\/Schermafbeelding-2019-01-08-om-12.10.17.png","contentUrl":"https:\/\/pipesurveyinternational.com\/wp-content\/uploads\/2019\/01\/Schermafbeelding-2019-01-08-om-12.10.17.png","width":2764,"height":732},{"@type":"BreadcrumbList","@id":"https:\/\/pipesurveyinternational.com\/es\/soluciones\/camara\/#breadcrumb","itemListElement":[{"@type":"ListItem","position":1,"name":"Home","item":"https:\/\/pipesurveyinternational.com\/es\/"},{"@type":"ListItem","position":2,"name":"Soluciones","item":"https:\/\/pipesurveyinternational.com\/es\/soluciones\/"},{"@type":"ListItem","position":3,"name":"C\u00e1mara"}]},{"@type":"WebSite","@id":"https:\/\/pipesurveyinternational.com\/en\/#website","url":"https:\/\/pipesurveyinternational.com\/en\/","name":"Pipesurvey International","description":"En nog een WordPress site","potentialAction":[{"@type":"SearchAction","target":{"@type":"EntryPoint","urlTemplate":"https:\/\/pipesurveyinternational.com\/en\/?s={search_term_string}"},"query-input":{"@type":"PropertyValueSpecification","valueRequired":true,"valueName":"search_term_string"}}],"inLanguage":"es"}]}},"_links":{"self":[{"href":"https:\/\/pipesurveyinternational.com\/es\/wp-json\/wp\/v2\/pages\/691","targetHints":{"allow":["GET"]}}],"collection":[{"href":"https:\/\/pipesurveyinternational.com\/es\/wp-json\/wp\/v2\/pages"}],"about":[{"href":"https:\/\/pipesurveyinternational.com\/es\/wp-json\/wp\/v2\/types\/page"}],"author":[{"embeddable":true,"href":"https:\/\/pipesurveyinternational.com\/es\/wp-json\/wp\/v2\/users\/1"}],"replies":[{"embeddable":true,"href":"https:\/\/pipesurveyinternational.com\/es\/wp-json\/wp\/v2\/comments?post=691"}],"version-history":[{"count":2,"href":"https:\/\/pipesurveyinternational.com\/es\/wp-json\/wp\/v2\/pages\/691\/revisions"}],"predecessor-version":[{"id":810,"href":"https:\/\/pipesurveyinternational.com\/es\/wp-json\/wp\/v2\/pages\/691\/revisions\/810"}],"up":[{"embeddable":true,"href":"https:\/\/pipesurveyinternational.com\/es\/wp-json\/wp\/v2\/pages\/715"}],"wp:featuredmedia":[{"embeddable":true,"href":"https:\/\/pipesurveyinternational.com\/es\/wp-json\/wp\/v2\/media\/646"}],"wp:attachment":[{"href":"https:\/\/pipesurveyinternational.com\/es\/wp-json\/wp\/v2\/media?parent=691"}],"curies":[{"name":"wp","href":"https:\/\/api.w.org\/{rel}","templated":true}]}}