{"id":686,"date":"2019-08-13T17:11:17","date_gmt":"2019-08-13T15:11:17","guid":{"rendered":"https:\/\/pipesurveyinternational.com\/?page_id=686"},"modified":"2019-08-13T17:12:11","modified_gmt":"2019-08-13T15:12:11","slug":"vision-mision-y-valores","status":"publish","type":"page","link":"https:\/\/pipesurveyinternational.com\/es\/acerca-de-nosotros\/vision-mision-y-valores\/","title":{"rendered":"Visi\u00f3n, misi\u00f3n y valores"},"content":{"rendered":"<h2>Visi\u00f3n<\/h2>\n<p>Contribuir a una infraestructura sustentable de ductos para energ\u00eda y agua.<\/p>\n<h2>Misi\u00f3n<\/h2>\n<p>Entregar una evaluaci\u00f3n confiable y precisa de la infraestructura de ductos que permita a los operadores optimizar el mantenimiento y las estrategias de operaci\u00f3n.<\/p>\n<h2>Cuando lo bueno no es lo suficientemente bueno<\/h2>\n<p>Indicadores claves de desempe\u00f1o son algunos de los espejos en los que Pipesurvey International mira para ver c\u00f3mo estamos. Estos KPI auditados son: tasa de \u00e9xito en primera ejecuci\u00f3n, porcentaje de p\u00e9rdida de datos en cada ejecuci\u00f3n, demora de la movilizaci\u00f3n, tiempo de reportaje e incidentes, accidentes y derrames. Hacer las cosas bien con estas cifras no es con lo que nos conformamos. Los resultados son solo herramientas en nuestra lucha por la perfecci\u00f3n.<\/p>\n<h2>Valores<\/h2>\n<p>Pipesurvey International es una empresa socialmente responsable y contribuye a un mundo mas limpio y seguro donde los vulnerables sean protegidos, no explotados. Ni\u00f1os, mujeres y familias deben vivir con dignidad y ser libres de miedo, violencia y opresi\u00f3n. Pipesurvey International apoya organizaciones sin \u00e1nimo de lucro que est\u00e9n cometidas en estas metas. Nosotros invitamos a nuestros socios en negocios a que hablen abiertamente en contra de abuso, trata de personas y corrupci\u00f3n.<\/p>\n","protected":false},"excerpt":{"rendered":"<p>Visi\u00f3n Contribuir a una infraestructura sustentable de ductos para energ\u00eda y agua. Misi\u00f3n Entregar una evaluaci\u00f3n confiable y precisa de la infraestructura de ductos que permita a los operadores optimizar el mantenimiento y las estrategias de operaci\u00f3n. Cuando lo bueno no es lo suficientemente bueno Indicadores claves de desempe\u00f1o son algunos de los espejos en [&hellip;]<\/p>\n","protected":false},"author":1,"featured_media":652,"parent":695,"menu_order":0,"comment_status":"closed","ping_status":"closed","template":"","meta":{"_acf_changed":false,"footnotes":""},"class_list":["post-686","page","type-page","status-publish","has-post-thumbnail","hentry"],"acf":[],"yoast_head":"<!-- This site is optimized with the Yoast SEO plugin v26.8 - https:\/\/yoast.com\/product\/yoast-seo-wordpress\/ -->\n<title>Visi\u00f3n, misi\u00f3n y valores - Pipesurvey International<\/title>\n<meta name=\"robots\" content=\"index, follow, max-snippet:-1, max-image-preview:large, max-video-preview:-1\" \/>\n<link rel=\"canonical\" href=\"https:\/\/pipesurveyinternational.com\/es\/acerca-de-nosotros\/vision-mision-y-valores\/\" \/>\n<meta property=\"og:locale\" content=\"es_ES\" \/>\n<meta property=\"og:type\" content=\"article\" \/>\n<meta property=\"og:title\" content=\"Visi\u00f3n, misi\u00f3n y valores - Pipesurvey International\" \/>\n<meta property=\"og:description\" content=\"Visi\u00f3n Contribuir a una infraestructura sustentable de ductos para energ\u00eda y agua. Misi\u00f3n Entregar una evaluaci\u00f3n confiable y precisa de la infraestructura de ductos que permita a los operadores optimizar el mantenimiento y las estrategias de operaci\u00f3n. Cuando lo bueno no es lo suficientemente bueno Indicadores claves de desempe\u00f1o son algunos de los espejos en [&hellip;]\" \/>\n<meta property=\"og:url\" content=\"https:\/\/pipesurveyinternational.com\/es\/acerca-de-nosotros\/vision-mision-y-valores\/\" \/>\n<meta property=\"og:site_name\" content=\"Pipesurvey International\" \/>\n<meta property=\"article:modified_time\" content=\"2019-08-13T15:12:11+00:00\" \/>\n<meta property=\"og:image\" content=\"https:\/\/pipesurveyinternational.com\/wp-content\/uploads\/2019\/01\/Schermafbeelding-2019-01-08-om-15.45.36-e1551091758741.png\" \/>\n\t<meta property=\"og:image:width\" content=\"3018\" \/>\n\t<meta property=\"og:image:height\" content=\"694\" \/>\n\t<meta property=\"og:image:type\" content=\"image\/png\" \/>\n<meta name=\"twitter:card\" content=\"summary_large_image\" \/>\n<meta name=\"twitter:label1\" content=\"Tiempo de lectura\" \/>\n\t<meta name=\"twitter:data1\" content=\"1 minuto\" \/>\n<script type=\"application\/ld+json\" class=\"yoast-schema-graph\">{\"@context\":\"https:\/\/schema.org\",\"@graph\":[{\"@type\":\"WebPage\",\"@id\":\"https:\/\/pipesurveyinternational.com\/es\/acerca-de-nosotros\/vision-mision-y-valores\/\",\"url\":\"https:\/\/pipesurveyinternational.com\/es\/acerca-de-nosotros\/vision-mision-y-valores\/\",\"name\":\"Visi\u00f3n, misi\u00f3n y valores - Pipesurvey International\",\"isPartOf\":{\"@id\":\"https:\/\/pipesurveyinternational.com\/en\/#website\"},\"primaryImageOfPage\":{\"@id\":\"https:\/\/pipesurveyinternational.com\/es\/acerca-de-nosotros\/vision-mision-y-valores\/#primaryimage\"},\"image\":{\"@id\":\"https:\/\/pipesurveyinternational.com\/es\/acerca-de-nosotros\/vision-mision-y-valores\/#primaryimage\"},\"thumbnailUrl\":\"https:\/\/pipesurveyinternational.com\/wp-content\/uploads\/2019\/01\/Schermafbeelding-2019-01-08-om-15.45.36-e1551091758741.png\",\"datePublished\":\"2019-08-13T15:11:17+00:00\",\"dateModified\":\"2019-08-13T15:12:11+00:00\",\"breadcrumb\":{\"@id\":\"https:\/\/pipesurveyinternational.com\/es\/acerca-de-nosotros\/vision-mision-y-valores\/#breadcrumb\"},\"inLanguage\":\"es\",\"potentialAction\":[{\"@type\":\"ReadAction\",\"target\":[\"https:\/\/pipesurveyinternational.com\/es\/acerca-de-nosotros\/vision-mision-y-valores\/\"]}]},{\"@type\":\"ImageObject\",\"inLanguage\":\"es\",\"@id\":\"https:\/\/pipesurveyinternational.com\/es\/acerca-de-nosotros\/vision-mision-y-valores\/#primaryimage\",\"url\":\"https:\/\/pipesurveyinternational.com\/wp-content\/uploads\/2019\/01\/Schermafbeelding-2019-01-08-om-15.45.36-e1551091758741.png\",\"contentUrl\":\"https:\/\/pipesurveyinternational.com\/wp-content\/uploads\/2019\/01\/Schermafbeelding-2019-01-08-om-15.45.36-e1551091758741.png\",\"width\":3018,\"height\":694},{\"@type\":\"BreadcrumbList\",\"@id\":\"https:\/\/pipesurveyinternational.com\/es\/acerca-de-nosotros\/vision-mision-y-valores\/#breadcrumb\",\"itemListElement\":[{\"@type\":\"ListItem\",\"position\":1,\"name\":\"Home\",\"item\":\"https:\/\/pipesurveyinternational.com\/es\/\"},{\"@type\":\"ListItem\",\"position\":2,\"name\":\"Acerca de nosotros\",\"item\":\"https:\/\/pipesurveyinternational.com\/es\/acerca-de-nosotros\/\"},{\"@type\":\"ListItem\",\"position\":3,\"name\":\"Visi\u00f3n, misi\u00f3n y valores\"}]},{\"@type\":\"WebSite\",\"@id\":\"https:\/\/pipesurveyinternational.com\/en\/#website\",\"url\":\"https:\/\/pipesurveyinternational.com\/en\/\",\"name\":\"Pipesurvey International\",\"description\":\"En nog een WordPress site\",\"potentialAction\":[{\"@type\":\"SearchAction\",\"target\":{\"@type\":\"EntryPoint\",\"urlTemplate\":\"https:\/\/pipesurveyinternational.com\/en\/?s={search_term_string}\"},\"query-input\":{\"@type\":\"PropertyValueSpecification\",\"valueRequired\":true,\"valueName\":\"search_term_string\"}}],\"inLanguage\":\"es\"}]}<\/script>\n<!-- \/ Yoast SEO plugin. -->","yoast_head_json":{"title":"Visi\u00f3n, misi\u00f3n y valores - Pipesurvey International","robots":{"index":"index","follow":"follow","max-snippet":"max-snippet:-1","max-image-preview":"max-image-preview:large","max-video-preview":"max-video-preview:-1"},"canonical":"https:\/\/pipesurveyinternational.com\/es\/acerca-de-nosotros\/vision-mision-y-valores\/","og_locale":"es_ES","og_type":"article","og_title":"Visi\u00f3n, misi\u00f3n y valores - Pipesurvey International","og_description":"Visi\u00f3n Contribuir a una infraestructura sustentable de ductos para energ\u00eda y agua. Misi\u00f3n Entregar una evaluaci\u00f3n confiable y precisa de la infraestructura de ductos que permita a los operadores optimizar el mantenimiento y las estrategias de operaci\u00f3n. Cuando lo bueno no es lo suficientemente bueno Indicadores claves de desempe\u00f1o son algunos de los espejos en [&hellip;]","og_url":"https:\/\/pipesurveyinternational.com\/es\/acerca-de-nosotros\/vision-mision-y-valores\/","og_site_name":"Pipesurvey International","article_modified_time":"2019-08-13T15:12:11+00:00","og_image":[{"width":3018,"height":694,"url":"https:\/\/pipesurveyinternational.com\/wp-content\/uploads\/2019\/01\/Schermafbeelding-2019-01-08-om-15.45.36-e1551091758741.png","type":"image\/png"}],"twitter_card":"summary_large_image","twitter_misc":{"Tiempo de lectura":"1 minuto"},"schema":{"@context":"https:\/\/schema.org","@graph":[{"@type":"WebPage","@id":"https:\/\/pipesurveyinternational.com\/es\/acerca-de-nosotros\/vision-mision-y-valores\/","url":"https:\/\/pipesurveyinternational.com\/es\/acerca-de-nosotros\/vision-mision-y-valores\/","name":"Visi\u00f3n, misi\u00f3n y valores - Pipesurvey International","isPartOf":{"@id":"https:\/\/pipesurveyinternational.com\/en\/#website"},"primaryImageOfPage":{"@id":"https:\/\/pipesurveyinternational.com\/es\/acerca-de-nosotros\/vision-mision-y-valores\/#primaryimage"},"image":{"@id":"https:\/\/pipesurveyinternational.com\/es\/acerca-de-nosotros\/vision-mision-y-valores\/#primaryimage"},"thumbnailUrl":"https:\/\/pipesurveyinternational.com\/wp-content\/uploads\/2019\/01\/Schermafbeelding-2019-01-08-om-15.45.36-e1551091758741.png","datePublished":"2019-08-13T15:11:17+00:00","dateModified":"2019-08-13T15:12:11+00:00","breadcrumb":{"@id":"https:\/\/pipesurveyinternational.com\/es\/acerca-de-nosotros\/vision-mision-y-valores\/#breadcrumb"},"inLanguage":"es","potentialAction":[{"@type":"ReadAction","target":["https:\/\/pipesurveyinternational.com\/es\/acerca-de-nosotros\/vision-mision-y-valores\/"]}]},{"@type":"ImageObject","inLanguage":"es","@id":"https:\/\/pipesurveyinternational.com\/es\/acerca-de-nosotros\/vision-mision-y-valores\/#primaryimage","url":"https:\/\/pipesurveyinternational.com\/wp-content\/uploads\/2019\/01\/Schermafbeelding-2019-01-08-om-15.45.36-e1551091758741.png","contentUrl":"https:\/\/pipesurveyinternational.com\/wp-content\/uploads\/2019\/01\/Schermafbeelding-2019-01-08-om-15.45.36-e1551091758741.png","width":3018,"height":694},{"@type":"BreadcrumbList","@id":"https:\/\/pipesurveyinternational.com\/es\/acerca-de-nosotros\/vision-mision-y-valores\/#breadcrumb","itemListElement":[{"@type":"ListItem","position":1,"name":"Home","item":"https:\/\/pipesurveyinternational.com\/es\/"},{"@type":"ListItem","position":2,"name":"Acerca de nosotros","item":"https:\/\/pipesurveyinternational.com\/es\/acerca-de-nosotros\/"},{"@type":"ListItem","position":3,"name":"Visi\u00f3n, misi\u00f3n y valores"}]},{"@type":"WebSite","@id":"https:\/\/pipesurveyinternational.com\/en\/#website","url":"https:\/\/pipesurveyinternational.com\/en\/","name":"Pipesurvey International","description":"En nog een WordPress site","potentialAction":[{"@type":"SearchAction","target":{"@type":"EntryPoint","urlTemplate":"https:\/\/pipesurveyinternational.com\/en\/?s={search_term_string}"},"query-input":{"@type":"PropertyValueSpecification","valueRequired":true,"valueName":"search_term_string"}}],"inLanguage":"es"}]}},"_links":{"self":[{"href":"https:\/\/pipesurveyinternational.com\/es\/wp-json\/wp\/v2\/pages\/686","targetHints":{"allow":["GET"]}}],"collection":[{"href":"https:\/\/pipesurveyinternational.com\/es\/wp-json\/wp\/v2\/pages"}],"about":[{"href":"https:\/\/pipesurveyinternational.com\/es\/wp-json\/wp\/v2\/types\/page"}],"author":[{"embeddable":true,"href":"https:\/\/pipesurveyinternational.com\/es\/wp-json\/wp\/v2\/users\/1"}],"replies":[{"embeddable":true,"href":"https:\/\/pipesurveyinternational.com\/es\/wp-json\/wp\/v2\/comments?post=686"}],"version-history":[{"count":2,"href":"https:\/\/pipesurveyinternational.com\/es\/wp-json\/wp\/v2\/pages\/686\/revisions"}],"predecessor-version":[{"id":688,"href":"https:\/\/pipesurveyinternational.com\/es\/wp-json\/wp\/v2\/pages\/686\/revisions\/688"}],"up":[{"embeddable":true,"href":"https:\/\/pipesurveyinternational.com\/es\/wp-json\/wp\/v2\/pages\/695"}],"wp:featuredmedia":[{"embeddable":true,"href":"https:\/\/pipesurveyinternational.com\/es\/wp-json\/wp\/v2\/media\/652"}],"wp:attachment":[{"href":"https:\/\/pipesurveyinternational.com\/es\/wp-json\/wp\/v2\/media?parent=686"}],"curies":[{"name":"wp","href":"https:\/\/api.w.org\/{rel}","templated":true}]}}