{"id":684,"date":"2019-08-08T14:01:56","date_gmt":"2019-08-08T12:01:56","guid":{"rendered":"https:\/\/pipesurveyinternational.com\/?page_id=684"},"modified":"2019-08-14T14:37:52","modified_gmt":"2019-08-14T12:37:52","slug":"contact","status":"publish","type":"page","link":"https:\/\/pipesurveyinternational.com\/es\/contact\/","title":{"rendered":"Contacto"},"content":{"rendered":"<p><strong>Pipesurvey International<\/strong><\/p>\n<p>Direcci\u00f3n de visita:<br \/>\nHoutkopersstraat 22,<br \/>\n3334 KD Zwijndrecht,<br \/>\nThe Netherlands<\/p>\n<p>Tel\u00e9fono: +31 78 610 1428<\/p>\n<p>E-mail: <a href=\"mailto:in**@*********************al.com\" data-original-string=\"YZ8Xf\/zNqrO\/gt+no5lnhQ==83a9eygPeDhOFaePEx7OLH+HOKi5wX6jDzLd8bSdAFGW0LpG4m\/RGHYWiq9t48U9TsU\" title=\"Este contacto ha sido codificado por Anti-Spam by CleanTalk. Haz clic para decodificar. Para finalizar la decodificaci\u00f3n, aseg\u00farate de que JavaScript est\u00e1 activado en tu navegador.\"><span \n                data-original-string='kJX7oBxtpcElGBfEEbHcnA==83agaijnMzg8N7DLOAIs4zLSGRP9qU4tgsvXVdy7U17PpK\/sQJdbNuDmjL9VkgbzKot'\n                class='apbct-email-encoder'\n                title='Este contacto ha sido codificado por Anti-Spam by CleanTalk. Haz clic para decodificar. Para finalizar la decodificaci\u00f3n, aseg\u00farate de que JavaScript est\u00e1 activado en tu navegador.'>in<span class=\"apbct-blur\">**<\/span>@<span class=\"apbct-blur\">*********************<\/span>al.com<\/span><\/a><\/p>\n<p>Direcci\u00f3n postal:<br \/>\nP.O.B. 117,<br \/>\n3330 AC Zwijndrecht<br \/>\nThe Netherlands<\/p>\n<p>Direcci\u00f3n de env\u00edo:<br \/>\nHoutkopersstraat 22<br \/>\n3334 KD Zwijndrecht<br \/>\nThe Netherlands<\/p>\n","protected":false},"excerpt":{"rendered":"<p>Pipesurvey International Direcci\u00f3n de visita: Houtkopersstraat 22, 3334 KD Zwijndrecht, The Netherlands Tel\u00e9fono: +31 78 610 1428 E-mail: in**@*********************al.com Direcci\u00f3n postal: P.O.B. 117, 3330 AC Zwijndrecht The Netherlands Direcci\u00f3n de env\u00edo: Houtkopersstraat 22 3334 KD Zwijndrecht The Netherlands<\/p>\n","protected":false},"author":1,"featured_media":0,"parent":0,"menu_order":0,"comment_status":"closed","ping_status":"closed","template":"","meta":{"_acf_changed":false,"footnotes":""},"class_list":["post-684","page","type-page","status-publish","hentry"],"acf":[],"yoast_head":"<!-- This site is optimized with the Yoast SEO plugin v26.8 - https:\/\/yoast.com\/product\/yoast-seo-wordpress\/ -->\n<title>Contacto - Pipesurvey International<\/title>\n<meta name=\"robots\" content=\"index, follow, max-snippet:-1, max-image-preview:large, max-video-preview:-1\" \/>\n<link rel=\"canonical\" href=\"https:\/\/pipesurveyinternational.com\/es\/contact\/\" \/>\n<meta property=\"og:locale\" content=\"es_ES\" \/>\n<meta property=\"og:type\" content=\"article\" \/>\n<meta property=\"og:title\" content=\"Contacto - Pipesurvey International\" \/>\n<meta property=\"og:description\" content=\"Pipesurvey International Direcci\u00f3n de visita: Houtkopersstraat 22, 3334 KD Zwijndrecht, The Netherlands Tel\u00e9fono: +31 78 610 1428 E-mail: in**@*********************al.com Direcci\u00f3n postal: P.O.B. 117, 3330 AC Zwijndrecht The Netherlands Direcci\u00f3n de env\u00edo: Houtkopersstraat 22 3334 KD Zwijndrecht The Netherlands\" \/>\n<meta property=\"og:url\" content=\"https:\/\/pipesurveyinternational.com\/es\/contact\/\" \/>\n<meta property=\"og:site_name\" content=\"Pipesurvey International\" \/>\n<meta property=\"article:modified_time\" content=\"2019-08-14T12:37:52+00:00\" \/>\n<meta name=\"twitter:card\" content=\"summary_large_image\" \/>\n<script type=\"application\/ld+json\" class=\"yoast-schema-graph\">{\"@context\":\"https:\/\/schema.org\",\"@graph\":[{\"@type\":\"WebPage\",\"@id\":\"https:\/\/pipesurveyinternational.com\/es\/contact\/\",\"url\":\"https:\/\/pipesurveyinternational.com\/es\/contact\/\",\"name\":\"Contacto - Pipesurvey International\",\"isPartOf\":{\"@id\":\"https:\/\/pipesurveyinternational.com\/en\/#website\"},\"datePublished\":\"2019-08-08T12:01:56+00:00\",\"dateModified\":\"2019-08-14T12:37:52+00:00\",\"breadcrumb\":{\"@id\":\"https:\/\/pipesurveyinternational.com\/es\/contact\/#breadcrumb\"},\"inLanguage\":\"es\",\"potentialAction\":[{\"@type\":\"ReadAction\",\"target\":[\"https:\/\/pipesurveyinternational.com\/es\/contact\/\"]}]},{\"@type\":\"BreadcrumbList\",\"@id\":\"https:\/\/pipesurveyinternational.com\/es\/contact\/#breadcrumb\",\"itemListElement\":[{\"@type\":\"ListItem\",\"position\":1,\"name\":\"Home\",\"item\":\"https:\/\/pipesurveyinternational.com\/es\/\"},{\"@type\":\"ListItem\",\"position\":2,\"name\":\"Contacto\"}]},{\"@type\":\"WebSite\",\"@id\":\"https:\/\/pipesurveyinternational.com\/en\/#website\",\"url\":\"https:\/\/pipesurveyinternational.com\/en\/\",\"name\":\"Pipesurvey International\",\"description\":\"En nog een WordPress site\",\"potentialAction\":[{\"@type\":\"SearchAction\",\"target\":{\"@type\":\"EntryPoint\",\"urlTemplate\":\"https:\/\/pipesurveyinternational.com\/en\/?s={search_term_string}\"},\"query-input\":{\"@type\":\"PropertyValueSpecification\",\"valueRequired\":true,\"valueName\":\"search_term_string\"}}],\"inLanguage\":\"es\"}]}<\/script>\n<!-- \/ Yoast SEO plugin. -->","yoast_head_json":{"title":"Contacto - Pipesurvey International","robots":{"index":"index","follow":"follow","max-snippet":"max-snippet:-1","max-image-preview":"max-image-preview:large","max-video-preview":"max-video-preview:-1"},"canonical":"https:\/\/pipesurveyinternational.com\/es\/contact\/","og_locale":"es_ES","og_type":"article","og_title":"Contacto - Pipesurvey International","og_description":"Pipesurvey International Direcci\u00f3n de visita: Houtkopersstraat 22, 3334 KD Zwijndrecht, The Netherlands Tel\u00e9fono: +31 78 610 1428 E-mail: in**@*********************al.com Direcci\u00f3n postal: P.O.B. 117, 3330 AC Zwijndrecht The Netherlands Direcci\u00f3n de env\u00edo: Houtkopersstraat 22 3334 KD Zwijndrecht The Netherlands","og_url":"https:\/\/pipesurveyinternational.com\/es\/contact\/","og_site_name":"Pipesurvey International","article_modified_time":"2019-08-14T12:37:52+00:00","twitter_card":"summary_large_image","schema":{"@context":"https:\/\/schema.org","@graph":[{"@type":"WebPage","@id":"https:\/\/pipesurveyinternational.com\/es\/contact\/","url":"https:\/\/pipesurveyinternational.com\/es\/contact\/","name":"Contacto - Pipesurvey International","isPartOf":{"@id":"https:\/\/pipesurveyinternational.com\/en\/#website"},"datePublished":"2019-08-08T12:01:56+00:00","dateModified":"2019-08-14T12:37:52+00:00","breadcrumb":{"@id":"https:\/\/pipesurveyinternational.com\/es\/contact\/#breadcrumb"},"inLanguage":"es","potentialAction":[{"@type":"ReadAction","target":["https:\/\/pipesurveyinternational.com\/es\/contact\/"]}]},{"@type":"BreadcrumbList","@id":"https:\/\/pipesurveyinternational.com\/es\/contact\/#breadcrumb","itemListElement":[{"@type":"ListItem","position":1,"name":"Home","item":"https:\/\/pipesurveyinternational.com\/es\/"},{"@type":"ListItem","position":2,"name":"Contacto"}]},{"@type":"WebSite","@id":"https:\/\/pipesurveyinternational.com\/en\/#website","url":"https:\/\/pipesurveyinternational.com\/en\/","name":"Pipesurvey International","description":"En nog een WordPress site","potentialAction":[{"@type":"SearchAction","target":{"@type":"EntryPoint","urlTemplate":"https:\/\/pipesurveyinternational.com\/en\/?s={search_term_string}"},"query-input":{"@type":"PropertyValueSpecification","valueRequired":true,"valueName":"search_term_string"}}],"inLanguage":"es"}]}},"_links":{"self":[{"href":"https:\/\/pipesurveyinternational.com\/es\/wp-json\/wp\/v2\/pages\/684","targetHints":{"allow":["GET"]}}],"collection":[{"href":"https:\/\/pipesurveyinternational.com\/es\/wp-json\/wp\/v2\/pages"}],"about":[{"href":"https:\/\/pipesurveyinternational.com\/es\/wp-json\/wp\/v2\/types\/page"}],"author":[{"embeddable":true,"href":"https:\/\/pipesurveyinternational.com\/es\/wp-json\/wp\/v2\/users\/1"}],"replies":[{"embeddable":true,"href":"https:\/\/pipesurveyinternational.com\/es\/wp-json\/wp\/v2\/comments?post=684"}],"version-history":[{"count":4,"href":"https:\/\/pipesurveyinternational.com\/es\/wp-json\/wp\/v2\/pages\/684\/revisions"}],"predecessor-version":[{"id":809,"href":"https:\/\/pipesurveyinternational.com\/es\/wp-json\/wp\/v2\/pages\/684\/revisions\/809"}],"wp:attachment":[{"href":"https:\/\/pipesurveyinternational.com\/es\/wp-json\/wp\/v2\/media?parent=684"}],"curies":[{"name":"wp","href":"https:\/\/api.w.org\/{rel}","templated":true}]}}